{"id":7159,"date":"2024-07-17T10:09:28","date_gmt":"2024-07-17T08:09:28","guid":{"rendered":"https:\/\/kartingsalou.com\/reserva-online\/"},"modified":"2025-08-14T10:04:16","modified_gmt":"2025-08-14T08:04:16","slug":"reservation-en-ligne","status":"publish","type":"page","link":"https:\/\/kartingsalou.com\/fr\/reservation-en-ligne\/","title":{"rendered":"R\u00c9SERVATION EN LIGNE"},"content":{"rendered":"[et_pb_section fb_built=\u00a0\u00bb1&Prime; next_background_color=\u00a0\u00bb#DF2727&Prime; admin_label=\u00a0\u00bbPage Title Section\u00a0\u00bb _builder_version=\u00a0\u00bb4.16&Prime; use_background_color_gradient=\u00a0\u00bbon\u00a0\u00bb background_color_gradient_direction=\u00a0\u00bb103deg\u00a0\u00bb background_color_gradient_stops=\u00a0\u00bb#000000 0%|rgba(0,0,0,0) 100%\u00a0\u00bb background_color_gradient_overlays_image=\u00a0\u00bbon\u00a0\u00bb background_color_gradient_start=\u00a0\u00bb#000000&Prime; background_color_gradient_end=\u00a0\u00bbrgba(0,0,0,0)\u00a0\u00bb background_image=\u00a0\u00bbhttps:\/\/kartingsalou.com\/wp-content\/uploads\/2021\/11\/DJI_0156-scaled.jpg\u00a0\u00bb custom_padding=\u00a0\u00bb110px||75px||false|false\u00a0\u00bb bottom_divider_style=\u00a0\u00bbslant2&Prime; bottom_divider_height=\u00a0\u00bb60px\u00a0\u00bb bottom_divider_flip=\u00a0\u00bbhorizontal\u00a0\u00bb border_color_bottom=\u00a0\u00bb#fcd015&Prime; global_colors_info=\u00a0\u00bb{}\u00a0\u00bb][et_pb_row _builder_version=\u00a0\u00bb4.16&Prime; _module_preset=\u00a0\u00bbdefault\u00a0\u00bb global_colors_info=\u00a0\u00bb{}\u00a0\u00bb][et_pb_column type=\u00a0\u00bb4_4&Prime; _builder_version=\u00a0\u00bb4.16&Prime; _module_preset=\u00a0\u00bbdefault\u00a0\u00bb global_colors_info=\u00a0\u00bb{}\u00a0\u00bb][et_pb_text admin_label=\u00a0\u00bbTitle\u00a0\u00bb _builder_version=\u00a0\u00bb4.27.4&Prime; text_font=\u00a0\u00bb||||||||\u00a0\u00bb header_font=\u00a0\u00bbPoppins|600|||||||\u00a0\u00bb header_font_size=\u00a0\u00bb60px\u00a0\u00bb header_line_height=\u00a0\u00bb1.2em\u00a0\u00bb header_2_font=\u00a0\u00bb||||||||\u00a0\u00bb background_layout=\u00a0\u00bbdark\u00a0\u00bb custom_margin=\u00a0\u00bb||20px|\u00a0\u00bb custom_padding=\u00a0\u00bb|||\u00a0\u00bb animation_style=\u00a0\u00bbfade\u00a0\u00bb hover_enabled=\u00a0\u00bb0&Prime; header_font_size_tablet=\u00a0\u00bb\u00a0\u00bb header_font_size_phone=\u00a0\u00bb40px\u00a0\u00bb header_font_size_last_edited=\u00a0\u00bbon|desktop\u00a0\u00bb header_2_font_size_last_edited=\u00a0\u00bboff|desktop\u00a0\u00bb global_colors_info=\u00a0\u00bb{}\u00a0\u00bb sticky_enabled=\u00a0\u00bb0&Prime;]\n<h1 style=\"text-align: center;\">R\u00c9SERVATION EN LIGNE<\/h1>\n<h4 style=\"text-align: center;\">LES R\u00c9SERVATIONS POUR LA PISTE ADULTES DOIVENT \u00caTRE EFFECTU\u00c9ES AU MOINS 3 HEURES \u00c0 L\u2019AVANCE.<\/h4>\n<h4 style=\"text-align: center;\">AUCUNE R\u00c9SERVATION N\u2019EST N\u00c9CESSAIRE POUR LA PISTE JUNIOR.<\/h4>\n[\/et_pb_text][\/et_pb_column][\/et_pb_row][\/et_pb_section][et_pb_section fb_built=\u00a0\u00bb1&Prime; admin_label=\u00a0\u00bbTemporada baja\u00a0\u00bb _builder_version=\u00a0\u00bb4.16&Prime; background_color=\u00a0\u00bb#DF2727&Prime; background_image=\u00a0\u00bbhttps:\/\/kartingsalou.com\/wp-content\/uploads\/2022\/03\/fons.png\u00a0\u00bb background_position=\u00a0\u00bbcenter_right\u00a0\u00bb background_repeat=\u00a0\u00bbrepeat\u00a0\u00bb background_blend=\u00a0\u00bboverlay\u00a0\u00bb custom_padding=\u00a0\u00bb45px||22px||false|false\u00a0\u00bb global_colors_info=\u00a0\u00bb{}\u00a0\u00bb][\/et_pb_section][et_pb_section fb_built=\u00a0\u00bb1&Prime; _builder_version=\u00a0\u00bb4.26.1&Prime; _module_preset=\u00a0\u00bbdefault\u00a0\u00bb custom_padding=\u00a0\u00bb0px||0px|||\u00a0\u00bb global_colors_info=\u00a0\u00bb{}\u00a0\u00bb][et_pb_row _builder_version=\u00a0\u00bb4.26.1&Prime; _module_preset=\u00a0\u00bbdefault\u00a0\u00bb width=\u00a0\u00bb100%\u00a0\u00bb max_width=\u00a0\u00bb1920px\u00a0\u00bb custom_padding=\u00a0\u00bb0px||0px|||\u00a0\u00bb global_colors_info=\u00a0\u00bb{}\u00a0\u00bb][et_pb_column type=\u00a0\u00bb4_4&Prime; _builder_version=\u00a0\u00bb4.26.1&Prime; _module_preset=\u00a0\u00bbdefault\u00a0\u00bb global_colors_info=\u00a0\u00bb{}\u00a0\u00bb][et_pb_code _builder_version=\u00a0\u00bb4.27.4&Prime; _module_preset=\u00a0\u00bbdefault\u00a0\u00bb custom_padding=\u00a0\u00bb||0px|||\u00a0\u00bb global_colors_info=\u00a0\u00bb{}\u00a0\u00bb]<iframe loading=\"lazy\" style=\"width:1920px; height:1000px;border:2px solid #DBDBDB;\" src=\"https:\/\/booking.bmileisure.com\/kartingsalou\/book\/product-list\" data-rocket-lazyload=\"fitvidscompatible\" data-lazy-src=\"https:\/\/booking.pixeltiming.com:7200\/f3b9df1834ce2cb86101a68a06ff13ae\" class=\"lazyloaded\" data-was-processed=\"true\"><\/iframe>[\/et_pb_code][\/et_pb_column][\/et_pb_row][\/et_pb_section][et_pb_section fb_built=\u00a0\u00bb1&Prime; admin_label=\u00a0\u00bbNewsletter Section\u00a0\u00bb _builder_version=\u00a0\u00bb4.26.1&Prime; background_color=\u00a0\u00bb#DF2727&Prime; background_image=\u00a0\u00bbhttps:\/\/kartingsalou.com\/wp-content\/uploads\/2022\/03\/fons.png\u00a0\u00bb background_position=\u00a0\u00bbcenter_right\u00a0\u00bb background_repeat=\u00a0\u00bbrepeat\u00a0\u00bb background_blend=\u00a0\u00bboverlay\u00a0\u00bb custom_padding=\u00a0\u00bb45px||22px||false|false\u00a0\u00bb top_divider_color=\u00a0\u00bb#FFFFFF\u00a0\u00bb top_divider_flip=\u00a0\u00bbhorizontal\u00a0\u00bb saved_tabs=\u00a0\u00bball\u00a0\u00bb global_colors_info=\u00a0\u00bb{}\u00a0\u00bb][\/et_pb_section]\n","protected":false},"excerpt":{"rendered":"<p>R\u00c9SERVATION EN LIGNE LES R\u00c9SERVATIONS POUR LA PISTE ADULTES DOIVENT \u00caTRE EFFECTU\u00c9ES AU MOINS 3 HEURES \u00c0 L\u2019AVANCE. AUCUNE R\u00c9SERVATION N\u2019EST N\u00c9CESSAIRE POUR LA PISTE JUNIOR.<\/p>\n","protected":false},"author":1,"featured_media":0,"parent":0,"menu_order":0,"comment_status":"closed","ping_status":"closed","template":"","meta":{"_et_pb_use_builder":"on","_et_pb_old_content":"","_et_gb_content_width":"","footnotes":""},"class_list":["post-7159","page","type-page","status-publish","hentry"],"yoast_head":"<!-- This site is optimized with the Yoast SEO plugin v27.1.1 - https:\/\/yoast.com\/product\/yoast-seo-wordpress\/ -->\n<title>R\u00c9SERVATION EN LIGNE - Karting Salou | Karting en Tarragona | Cumplea\u00f1os, Eventos\u200e y mucho m\u00e1s!<\/title>\n<meta name=\"robots\" content=\"index, follow, max-snippet:-1, max-image-preview:large, max-video-preview:-1\" \/>\n<link rel=\"canonical\" href=\"https:\/\/kartingsalou.com\/ca\/reserva-en-linia\/\" \/>\n<meta property=\"og:locale\" content=\"fr_FR\" \/>\n<meta property=\"og:type\" content=\"article\" \/>\n<meta property=\"og:title\" content=\"R\u00c9SERVATION EN LIGNE - Karting Salou | Karting en Tarragona | Cumplea\u00f1os, Eventos\u200e y mucho m\u00e1s!\" \/>\n<meta property=\"og:description\" content=\"R\u00c9SERVATION EN LIGNE LES R\u00c9SERVATIONS POUR LA PISTE ADULTES DOIVENT \u00caTRE EFFECTU\u00c9ES AU MOINS 3 HEURES \u00c0 L\u2019AVANCE. AUCUNE R\u00c9SERVATION N\u2019EST N\u00c9CESSAIRE POUR LA PISTE JUNIOR.\" \/>\n<meta property=\"og:url\" content=\"https:\/\/kartingsalou.com\/ca\/reserva-en-linia\/\" \/>\n<meta property=\"og:site_name\" content=\"Karting Salou | Karting en Tarragona | Cumplea\u00f1os, Eventos\u200e y mucho m\u00e1s!\" \/>\n<meta property=\"article:publisher\" content=\"https:\/\/www.facebook.com\/kartingsalou\/\" \/>\n<meta property=\"article:modified_time\" content=\"2025-08-14T08:04:16+00:00\" \/>\n<meta property=\"og:image\" content=\"https:\/\/kartingsalou.com\/wp-content\/uploads\/2024\/06\/DSC6626-scaled.jpg\" \/>\n\t<meta property=\"og:image:width\" content=\"1710\" \/>\n\t<meta property=\"og:image:height\" content=\"2560\" \/>\n\t<meta property=\"og:image:type\" content=\"image\/jpeg\" \/>\n<meta name=\"twitter:label1\" content=\"Dur\u00e9e de lecture estim\u00e9e\" \/>\n\t<meta name=\"twitter:data1\" content=\"1 minute\" \/>\n<script type=\"application\/ld+json\" class=\"yoast-schema-graph\">{\"@context\":\"https:\/\/schema.org\",\"@graph\":[{\"@type\":\"WebPage\",\"@id\":\"https:\/\/kartingsalou.com\/ca\/reserva-en-linia\/\",\"url\":\"https:\/\/kartingsalou.com\/ca\/reserva-en-linia\/\",\"name\":\"R\u00c9SERVATION EN LIGNE - Karting Salou | Karting en Tarragona | Cumplea\u00f1os, Eventos\u200e y mucho m\u00e1s!\",\"isPartOf\":{\"@id\":\"https:\/\/kartingsalou.com\/#website\"},\"datePublished\":\"2024-07-17T08:09:28+00:00\",\"dateModified\":\"2025-08-14T08:04:16+00:00\",\"breadcrumb\":{\"@id\":\"https:\/\/kartingsalou.com\/ca\/reserva-en-linia\/#breadcrumb\"},\"inLanguage\":\"fr-FR\",\"potentialAction\":[{\"@type\":\"ReadAction\",\"target\":[\"https:\/\/kartingsalou.com\/ca\/reserva-en-linia\/\"]}]},{\"@type\":\"BreadcrumbList\",\"@id\":\"https:\/\/kartingsalou.com\/ca\/reserva-en-linia\/#breadcrumb\",\"itemListElement\":[{\"@type\":\"ListItem\",\"position\":1,\"name\":\"Portada\",\"item\":\"https:\/\/kartingsalou.com\/\"},{\"@type\":\"ListItem\",\"position\":2,\"name\":\"R\u00c9SERVATION EN LIGNE\"}]},{\"@type\":\"WebSite\",\"@id\":\"https:\/\/kartingsalou.com\/#website\",\"url\":\"https:\/\/kartingsalou.com\/\",\"name\":\"Karting Salou | Karting en Tarragona | Cumplea\u00f1os, Eventos\u200e y mucho m\u00e1s!\",\"description\":\"Uno de los Mejores Circuitos de Karting de Europa. Eventos, Cumplea\u00f1os. Eventos Para Empresas, \u00a1Ven a Disfrutar! Parking Gratuito. Para Todos los P\u00fablicos. Celebraciones de Eventos. Bus Gratis.\",\"publisher\":{\"@id\":\"https:\/\/kartingsalou.com\/#organization\"},\"alternateName\":\"Karts Salou\",\"potentialAction\":[{\"@type\":\"SearchAction\",\"target\":{\"@type\":\"EntryPoint\",\"urlTemplate\":\"https:\/\/kartingsalou.com\/?s={search_term_string}\"},\"query-input\":{\"@type\":\"PropertyValueSpecification\",\"valueRequired\":true,\"valueName\":\"search_term_string\"}}],\"inLanguage\":\"fr-FR\"},{\"@type\":\"Organization\",\"@id\":\"https:\/\/kartingsalou.com\/#organization\",\"name\":\"Karting Salou | Karting en Tarragona | Cumplea\u00f1os, Eventos\u200e y mucho m\u00e1s!\",\"url\":\"https:\/\/kartingsalou.com\/\",\"logo\":{\"@type\":\"ImageObject\",\"inLanguage\":\"fr-FR\",\"@id\":\"https:\/\/kartingsalou.com\/#\/schema\/logo\/image\/\",\"url\":\"https:\/\/kartingsalou.com\/wp-content\/uploads\/2024\/06\/Logo.jpg\",\"contentUrl\":\"https:\/\/kartingsalou.com\/wp-content\/uploads\/2024\/06\/Logo.jpg\",\"width\":1032,\"height\":415,\"caption\":\"Karting Salou | Karting en Tarragona | Cumplea\u00f1os, Eventos\u200e y mucho m\u00e1s!\"},\"image\":{\"@id\":\"https:\/\/kartingsalou.com\/#\/schema\/logo\/image\/\"},\"sameAs\":[\"https:\/\/www.facebook.com\/kartingsalou\/\",\"https:\/\/x.com\/saloukarting\",\"https:\/\/www.instagram.com\/kartingsalou\/?hl=es\"]}]}<\/script>\n<!-- \/ Yoast SEO plugin. -->","yoast_head_json":{"title":"R\u00c9SERVATION EN LIGNE - Karting Salou | Karting en Tarragona | Cumplea\u00f1os, Eventos\u200e y mucho m\u00e1s!","robots":{"index":"index","follow":"follow","max-snippet":"max-snippet:-1","max-image-preview":"max-image-preview:large","max-video-preview":"max-video-preview:-1"},"canonical":"https:\/\/kartingsalou.com\/ca\/reserva-en-linia\/","og_locale":"fr_FR","og_type":"article","og_title":"R\u00c9SERVATION EN LIGNE - Karting Salou | Karting en Tarragona | Cumplea\u00f1os, Eventos\u200e y mucho m\u00e1s!","og_description":"R\u00c9SERVATION EN LIGNE LES R\u00c9SERVATIONS POUR LA PISTE ADULTES DOIVENT \u00caTRE EFFECTU\u00c9ES AU MOINS 3 HEURES \u00c0 L\u2019AVANCE. AUCUNE R\u00c9SERVATION N\u2019EST N\u00c9CESSAIRE POUR LA PISTE JUNIOR.","og_url":"https:\/\/kartingsalou.com\/ca\/reserva-en-linia\/","og_site_name":"Karting Salou | Karting en Tarragona | Cumplea\u00f1os, Eventos\u200e y mucho m\u00e1s!","article_publisher":"https:\/\/www.facebook.com\/kartingsalou\/","article_modified_time":"2025-08-14T08:04:16+00:00","og_image":[{"width":1710,"height":2560,"url":"https:\/\/kartingsalou.com\/wp-content\/uploads\/2024\/06\/DSC6626-scaled.jpg","type":"image\/jpeg"}],"twitter_misc":{"Dur\u00e9e de lecture estim\u00e9e":"1 minute"},"schema":{"@context":"https:\/\/schema.org","@graph":[{"@type":"WebPage","@id":"https:\/\/kartingsalou.com\/ca\/reserva-en-linia\/","url":"https:\/\/kartingsalou.com\/ca\/reserva-en-linia\/","name":"R\u00c9SERVATION EN LIGNE - Karting Salou | Karting en Tarragona | Cumplea\u00f1os, Eventos\u200e y mucho m\u00e1s!","isPartOf":{"@id":"https:\/\/kartingsalou.com\/#website"},"datePublished":"2024-07-17T08:09:28+00:00","dateModified":"2025-08-14T08:04:16+00:00","breadcrumb":{"@id":"https:\/\/kartingsalou.com\/ca\/reserva-en-linia\/#breadcrumb"},"inLanguage":"fr-FR","potentialAction":[{"@type":"ReadAction","target":["https:\/\/kartingsalou.com\/ca\/reserva-en-linia\/"]}]},{"@type":"BreadcrumbList","@id":"https:\/\/kartingsalou.com\/ca\/reserva-en-linia\/#breadcrumb","itemListElement":[{"@type":"ListItem","position":1,"name":"Portada","item":"https:\/\/kartingsalou.com\/"},{"@type":"ListItem","position":2,"name":"R\u00c9SERVATION EN LIGNE"}]},{"@type":"WebSite","@id":"https:\/\/kartingsalou.com\/#website","url":"https:\/\/kartingsalou.com\/","name":"Karting Salou | Karting en Tarragona | Cumplea\u00f1os, Eventos\u200e y mucho m\u00e1s!","description":"Uno de los Mejores Circuitos de Karting de Europa. Eventos, Cumplea\u00f1os. Eventos Para Empresas, \u00a1Ven a Disfrutar! Parking Gratuito. Para Todos los P\u00fablicos. Celebraciones de Eventos. Bus Gratis.","publisher":{"@id":"https:\/\/kartingsalou.com\/#organization"},"alternateName":"Karts Salou","potentialAction":[{"@type":"SearchAction","target":{"@type":"EntryPoint","urlTemplate":"https:\/\/kartingsalou.com\/?s={search_term_string}"},"query-input":{"@type":"PropertyValueSpecification","valueRequired":true,"valueName":"search_term_string"}}],"inLanguage":"fr-FR"},{"@type":"Organization","@id":"https:\/\/kartingsalou.com\/#organization","name":"Karting Salou | Karting en Tarragona | Cumplea\u00f1os, Eventos\u200e y mucho m\u00e1s!","url":"https:\/\/kartingsalou.com\/","logo":{"@type":"ImageObject","inLanguage":"fr-FR","@id":"https:\/\/kartingsalou.com\/#\/schema\/logo\/image\/","url":"https:\/\/kartingsalou.com\/wp-content\/uploads\/2024\/06\/Logo.jpg","contentUrl":"https:\/\/kartingsalou.com\/wp-content\/uploads\/2024\/06\/Logo.jpg","width":1032,"height":415,"caption":"Karting Salou | Karting en Tarragona | Cumplea\u00f1os, Eventos\u200e y mucho m\u00e1s!"},"image":{"@id":"https:\/\/kartingsalou.com\/#\/schema\/logo\/image\/"},"sameAs":["https:\/\/www.facebook.com\/kartingsalou\/","https:\/\/x.com\/saloukarting","https:\/\/www.instagram.com\/kartingsalou\/?hl=es"]}]}},"_links":{"self":[{"href":"https:\/\/kartingsalou.com\/fr\/wp-json\/wp\/v2\/pages\/7159","targetHints":{"allow":["GET"]}}],"collection":[{"href":"https:\/\/kartingsalou.com\/fr\/wp-json\/wp\/v2\/pages"}],"about":[{"href":"https:\/\/kartingsalou.com\/fr\/wp-json\/wp\/v2\/types\/page"}],"author":[{"embeddable":true,"href":"https:\/\/kartingsalou.com\/fr\/wp-json\/wp\/v2\/users\/1"}],"replies":[{"embeddable":true,"href":"https:\/\/kartingsalou.com\/fr\/wp-json\/wp\/v2\/comments?post=7159"}],"version-history":[{"count":7,"href":"https:\/\/kartingsalou.com\/fr\/wp-json\/wp\/v2\/pages\/7159\/revisions"}],"predecessor-version":[{"id":8938,"href":"https:\/\/kartingsalou.com\/fr\/wp-json\/wp\/v2\/pages\/7159\/revisions\/8938"}],"wp:attachment":[{"href":"https:\/\/kartingsalou.com\/fr\/wp-json\/wp\/v2\/media?parent=7159"}],"curies":[{"name":"wp","href":"https:\/\/api.w.org\/{rel}","templated":true}]}}