{"id":4640,"date":"2023-01-12T00:59:00","date_gmt":"2023-01-12T00:59:00","guid":{"rendered":"https:\/\/kartingsalou.com\/politica-de-privacidad\/"},"modified":"2023-01-17T08:37:03","modified_gmt":"2023-01-17T08:37:03","slug":"politique-de-confidentialite","status":"publish","type":"page","link":"https:\/\/kartingsalou.com\/fr\/politique-de-confidentialite\/","title":{"rendered":"POLITIQUE DE CONFIDENTIALIT\u00c9"},"content":{"rendered":"<ul>\n<li><strong>POLITIQUE DE CONFIDENTIALIT\u00c9 :<\/strong><\/li>\n<\/ul>\n<p>Lorsque nous devons obtenir des informations de votre part, nous vous demanderons toujours de les fournir volontairement et express\u00e9ment. Les donn\u00e9es recueillies \u00e0 travers les formulaires de collecte de donn\u00e9es sur le site web ou par d&rsquo;autres moyens seront incluses dans un fichier de donn\u00e9es personnelles dont KARTING SALOU, S.A. est responsable. Nous traiterons vos donn\u00e9es de mani\u00e8re confidentielle et exclusivement dans le but d&rsquo;offrir les services demand\u00e9s, avec toutes les garanties l\u00e9gales et de s\u00e9curit\u00e9 impos\u00e9es par la r\u00e9glementation sur la protection des donn\u00e9es et les droits num\u00e9riques et autres questions connexes.<\/p>\n<p>KARTING SALOU, S.A. ne transmettra pas vos donn\u00e9es \u00e0 des tiers sans votre accord expr\u00e8s, sauf dans les cas o\u00f9 nous sommes l\u00e9galement oblig\u00e9s de le faire.<\/p>\n<p>Nous annulerons ou rectifierons les donn\u00e9es lorsqu&rsquo;elles sont inexactes, incompl\u00e8tes ou qu&rsquo;elles ne sont plus n\u00e9cessaires ou pertinentes pour leur finalit\u00e9.<\/p>\n<p>L&rsquo;utilisateur pourra r\u00e9voquer le consentement donn\u00e9 et exercer ses droits d&rsquo;acc\u00e8s, de rectification, d&rsquo;annulation et d&rsquo;opposition en s&rsquo;adressant \u00e0 KARTING SALOU, S.A. \u00e0 Salou 43840 (Tarragone), Crta. Reus-Salou Km. 2,8 ou par courrier \u00e9lectronique \u00e0 karting@kartingsalou.com, en s&rsquo;identifiant d\u00fbment avec sa carte d&rsquo;identit\u00e9 ou un document \u00e9quivalent et en indiquant de mani\u00e8re visible le droit sp\u00e9cifique exerc\u00e9.<\/p>\n<p>Si vous choisissez de quitter notre site web via des liens vers des sites web qui n&rsquo;appartiennent pas \u00e0 notre soci\u00e9t\u00e9, LE PROPRI\u00c9TAIRE DU SITE WEB ne peut \u00eatre tenu responsable des politiques de confidentialit\u00e9 de ces sites web ou des cookies qu&rsquo;ils peuvent stocker sur l&rsquo;ordinateur de l&rsquo;utilisateur.<\/p>\n<p>Notre politique en mati\u00e8re de courrier \u00e9lectronique est ax\u00e9e sur l&rsquo;envoi des seules communications que vous avez demand\u00e9 \u00e0 recevoir. Si vous pr\u00e9f\u00e9rez ne pas recevoir ces messages par courrier \u00e9lectronique, nous vous offrirons la possibilit\u00e9 d&rsquo;exercer votre droit d&rsquo;annuler et de refuser de recevoir ces messages.<\/p>\n<p>&nbsp;<\/p>\n<ul>\n<li><strong>POLITIQUE DE CONFIDENTIALIT\u00c9 R\u00c9SEAUX SOCIAUX :<\/strong><\/li>\n<\/ul>\n<p>En rejoignant notre r\u00e9seau social, vous nous donnez votre accord pour le traitement de ces donn\u00e9es personnelles publi\u00e9es dans votre profil. Vous pouvez acc\u00e9der \u00e0 tout moment aux politiques de confidentialit\u00e9 de notre r\u00e9seau social, ainsi que configurer votre profil pour garantir la confidentialit\u00e9.<\/p>\n<p>KARTING SALOU, S.A. se r\u00e9serve le droit de supprimer imm\u00e9diatement tout contenu ill\u00e9gal ou inacceptable, et peut demander le blocage permanent de l&rsquo;utilisateur, et n&rsquo;est pas responsable du contenu librement publi\u00e9 par les utilisateurs.<\/p>\n<p>KARTING SALOU, S.A. acc\u00e9dera aux informations publiques de votre profil, enverra des messages \u00e0 travers les canaux du r\u00e9seau social et mettra \u00e0 jour l&rsquo;\u00e9tat de la page qui sera publi\u00e9e sur le profil de l&rsquo;utilisateur.<\/p>\n<p>En tant qu&rsquo;utilisateur, vous pouvez toujours contr\u00f4ler vos connexions, supprimer les contenus qui ne vous int\u00e9ressent plus et limiter les personnes avec lesquelles vous partagez vos connexions. Si vous rejoignez notre r\u00e9seau social, vous pourrez publier des commentaires, des liens, des images, des photographies ou tout autre type de contenu multim\u00e9dia pris en charge par le r\u00e9seau social. Dans tous les cas, vous devez \u00eatre le propri\u00e9taire du contenu, d\u00e9tenir les droits d&rsquo;auteur et de propri\u00e9t\u00e9 intellectuelle ou avoir le consentement des tiers concern\u00e9s. Il est express\u00e9ment interdit de publier sur le site tout contenu qui viole ou est susceptible de violer la morale, l&rsquo;\u00e9thique, le bon go\u00fbt ou la biens\u00e9ance, ou qui porte atteinte, viole ou enfreint les droits de propri\u00e9t\u00e9 intellectuelle ou industrielle, le droit \u00e0 l&rsquo;image ou la loi.<\/p>\n<p>Vous devez garder \u00e0 l&rsquo;esprit que vos publications seront connues des autres utilisateurs. Vous \u00eates donc le premier responsable de votre vie priv\u00e9e. Les images qui peuvent \u00eatre publi\u00e9es sur la page resteront sur le r\u00e9seau social.<\/p>\n<p>KARTING SALOU, S.A. pourra r\u00e9aliser des actions auxquelles pourront participer les utilisateurs li\u00e9s \u00e0 sa page.\u00a0 Si cela n\u00e9cessite la publication de bases, la plateforme des r\u00e9seaux sociaux sera utilis\u00e9e \u00e0 cette fin.<\/p>\n","protected":false},"excerpt":{"rendered":"<p>POLITIQUE DE CONFIDENTIALIT\u00c9 : Lorsque nous devons obtenir des informations de votre part, nous vous demanderons toujours de les fournir volontairement et express\u00e9ment. Les donn\u00e9es recueillies \u00e0 travers les formulaires de collecte de donn\u00e9es sur le site web ou par d&rsquo;autres moyens seront incluses dans un fichier de donn\u00e9es personnelles dont KARTING SALOU, S.A. est [&hellip;]<\/p>\n","protected":false},"author":1,"featured_media":0,"parent":0,"menu_order":0,"comment_status":"closed","ping_status":"closed","template":"","meta":{"_et_pb_use_builder":"","_et_pb_old_content":"","_et_gb_content_width":"","footnotes":""},"class_list":["post-4640","page","type-page","status-publish","hentry"],"yoast_head":"<!-- This site is optimized with the Yoast SEO plugin v27.1.1 - https:\/\/yoast.com\/product\/yoast-seo-wordpress\/ -->\n<title>POLITIQUE DE CONFIDENTIALIT\u00c9 - Karting Salou | Karting en Tarragona | Cumplea\u00f1os, Eventos\u200e y mucho m\u00e1s!<\/title>\n<meta name=\"robots\" content=\"index, follow, max-snippet:-1, max-image-preview:large, max-video-preview:-1\" \/>\n<link rel=\"canonical\" href=\"https:\/\/kartingsalou.com\/fr\/politique-de-confidentialite\/\" \/>\n<meta property=\"og:locale\" content=\"fr_FR\" \/>\n<meta property=\"og:type\" content=\"article\" \/>\n<meta property=\"og:title\" content=\"POLITIQUE DE CONFIDENTIALIT\u00c9 - Karting Salou | Karting en Tarragona | Cumplea\u00f1os, Eventos\u200e y mucho m\u00e1s!\" \/>\n<meta property=\"og:description\" content=\"POLITIQUE DE CONFIDENTIALIT\u00c9 : Lorsque nous devons obtenir des informations de votre part, nous vous demanderons toujours de les fournir volontairement et express\u00e9ment. Les donn\u00e9es recueillies \u00e0 travers les formulaires de collecte de donn\u00e9es sur le site web ou par d&rsquo;autres moyens seront incluses dans un fichier de donn\u00e9es personnelles dont KARTING SALOU, S.A. est [&hellip;]\" \/>\n<meta property=\"og:url\" content=\"https:\/\/kartingsalou.com\/fr\/politique-de-confidentialite\/\" \/>\n<meta property=\"og:site_name\" content=\"Karting Salou | Karting en Tarragona | Cumplea\u00f1os, Eventos\u200e y mucho m\u00e1s!\" \/>\n<meta property=\"article:publisher\" content=\"https:\/\/www.facebook.com\/kartingsalou\/\" \/>\n<meta property=\"article:modified_time\" content=\"2023-01-17T08:37:03+00:00\" \/>\n<meta property=\"og:image\" content=\"https:\/\/kartingsalou.com\/wp-content\/uploads\/2024\/06\/DSC6626-scaled.jpg\" \/>\n\t<meta property=\"og:image:width\" content=\"1710\" \/>\n\t<meta property=\"og:image:height\" content=\"2560\" \/>\n\t<meta property=\"og:image:type\" content=\"image\/jpeg\" \/>\n<meta name=\"twitter:label1\" content=\"Dur\u00e9e de lecture estim\u00e9e\" \/>\n\t<meta name=\"twitter:data1\" content=\"3 minutes\" \/>\n<script type=\"application\/ld+json\" class=\"yoast-schema-graph\">{\"@context\":\"https:\/\/schema.org\",\"@graph\":[{\"@type\":\"WebPage\",\"@id\":\"https:\/\/kartingsalou.com\/fr\/politique-de-confidentialite\/\",\"url\":\"https:\/\/kartingsalou.com\/fr\/politique-de-confidentialite\/\",\"name\":\"POLITIQUE DE CONFIDENTIALIT\u00c9 - Karting Salou | Karting en Tarragona | Cumplea\u00f1os, Eventos\u200e y mucho m\u00e1s!\",\"isPartOf\":{\"@id\":\"https:\/\/kartingsalou.com\/#website\"},\"datePublished\":\"2023-01-12T00:59:00+00:00\",\"dateModified\":\"2023-01-17T08:37:03+00:00\",\"breadcrumb\":{\"@id\":\"https:\/\/kartingsalou.com\/fr\/politique-de-confidentialite\/#breadcrumb\"},\"inLanguage\":\"fr-FR\",\"potentialAction\":[{\"@type\":\"ReadAction\",\"target\":[\"https:\/\/kartingsalou.com\/fr\/politique-de-confidentialite\/\"]}]},{\"@type\":\"BreadcrumbList\",\"@id\":\"https:\/\/kartingsalou.com\/fr\/politique-de-confidentialite\/#breadcrumb\",\"itemListElement\":[{\"@type\":\"ListItem\",\"position\":1,\"name\":\"Portada\",\"item\":\"https:\/\/kartingsalou.com\/\"},{\"@type\":\"ListItem\",\"position\":2,\"name\":\"POLITIQUE DE CONFIDENTIALIT\u00c9\"}]},{\"@type\":\"WebSite\",\"@id\":\"https:\/\/kartingsalou.com\/#website\",\"url\":\"https:\/\/kartingsalou.com\/\",\"name\":\"Karting Salou | Karting en Tarragona | Cumplea\u00f1os, Eventos\u200e y mucho m\u00e1s!\",\"description\":\"Uno de los Mejores Circuitos de Karting de Europa. Eventos, Cumplea\u00f1os. Eventos Para Empresas, \u00a1Ven a Disfrutar! Parking Gratuito. Para Todos los P\u00fablicos. Celebraciones de Eventos. Bus Gratis.\",\"publisher\":{\"@id\":\"https:\/\/kartingsalou.com\/#organization\"},\"alternateName\":\"Karts Salou\",\"potentialAction\":[{\"@type\":\"SearchAction\",\"target\":{\"@type\":\"EntryPoint\",\"urlTemplate\":\"https:\/\/kartingsalou.com\/?s={search_term_string}\"},\"query-input\":{\"@type\":\"PropertyValueSpecification\",\"valueRequired\":true,\"valueName\":\"search_term_string\"}}],\"inLanguage\":\"fr-FR\"},{\"@type\":\"Organization\",\"@id\":\"https:\/\/kartingsalou.com\/#organization\",\"name\":\"Karting Salou | Karting en Tarragona | Cumplea\u00f1os, Eventos\u200e y mucho m\u00e1s!\",\"url\":\"https:\/\/kartingsalou.com\/\",\"logo\":{\"@type\":\"ImageObject\",\"inLanguage\":\"fr-FR\",\"@id\":\"https:\/\/kartingsalou.com\/#\/schema\/logo\/image\/\",\"url\":\"https:\/\/kartingsalou.com\/wp-content\/uploads\/2024\/06\/Logo.jpg\",\"contentUrl\":\"https:\/\/kartingsalou.com\/wp-content\/uploads\/2024\/06\/Logo.jpg\",\"width\":1032,\"height\":415,\"caption\":\"Karting Salou | Karting en Tarragona | Cumplea\u00f1os, Eventos\u200e y mucho m\u00e1s!\"},\"image\":{\"@id\":\"https:\/\/kartingsalou.com\/#\/schema\/logo\/image\/\"},\"sameAs\":[\"https:\/\/www.facebook.com\/kartingsalou\/\",\"https:\/\/x.com\/saloukarting\",\"https:\/\/www.instagram.com\/kartingsalou\/?hl=es\"]}]}<\/script>\n<!-- \/ Yoast SEO plugin. -->","yoast_head_json":{"title":"POLITIQUE DE CONFIDENTIALIT\u00c9 - Karting Salou | Karting en Tarragona | Cumplea\u00f1os, Eventos\u200e y mucho m\u00e1s!","robots":{"index":"index","follow":"follow","max-snippet":"max-snippet:-1","max-image-preview":"max-image-preview:large","max-video-preview":"max-video-preview:-1"},"canonical":"https:\/\/kartingsalou.com\/fr\/politique-de-confidentialite\/","og_locale":"fr_FR","og_type":"article","og_title":"POLITIQUE DE CONFIDENTIALIT\u00c9 - Karting Salou | Karting en Tarragona | Cumplea\u00f1os, Eventos\u200e y mucho m\u00e1s!","og_description":"POLITIQUE DE CONFIDENTIALIT\u00c9 : Lorsque nous devons obtenir des informations de votre part, nous vous demanderons toujours de les fournir volontairement et express\u00e9ment. Les donn\u00e9es recueillies \u00e0 travers les formulaires de collecte de donn\u00e9es sur le site web ou par d&rsquo;autres moyens seront incluses dans un fichier de donn\u00e9es personnelles dont KARTING SALOU, S.A. est [&hellip;]","og_url":"https:\/\/kartingsalou.com\/fr\/politique-de-confidentialite\/","og_site_name":"Karting Salou | Karting en Tarragona | Cumplea\u00f1os, Eventos\u200e y mucho m\u00e1s!","article_publisher":"https:\/\/www.facebook.com\/kartingsalou\/","article_modified_time":"2023-01-17T08:37:03+00:00","og_image":[{"width":1710,"height":2560,"url":"https:\/\/kartingsalou.com\/wp-content\/uploads\/2024\/06\/DSC6626-scaled.jpg","type":"image\/jpeg"}],"twitter_misc":{"Dur\u00e9e de lecture estim\u00e9e":"3 minutes"},"schema":{"@context":"https:\/\/schema.org","@graph":[{"@type":"WebPage","@id":"https:\/\/kartingsalou.com\/fr\/politique-de-confidentialite\/","url":"https:\/\/kartingsalou.com\/fr\/politique-de-confidentialite\/","name":"POLITIQUE DE CONFIDENTIALIT\u00c9 - Karting Salou | Karting en Tarragona | Cumplea\u00f1os, Eventos\u200e y mucho m\u00e1s!","isPartOf":{"@id":"https:\/\/kartingsalou.com\/#website"},"datePublished":"2023-01-12T00:59:00+00:00","dateModified":"2023-01-17T08:37:03+00:00","breadcrumb":{"@id":"https:\/\/kartingsalou.com\/fr\/politique-de-confidentialite\/#breadcrumb"},"inLanguage":"fr-FR","potentialAction":[{"@type":"ReadAction","target":["https:\/\/kartingsalou.com\/fr\/politique-de-confidentialite\/"]}]},{"@type":"BreadcrumbList","@id":"https:\/\/kartingsalou.com\/fr\/politique-de-confidentialite\/#breadcrumb","itemListElement":[{"@type":"ListItem","position":1,"name":"Portada","item":"https:\/\/kartingsalou.com\/"},{"@type":"ListItem","position":2,"name":"POLITIQUE DE CONFIDENTIALIT\u00c9"}]},{"@type":"WebSite","@id":"https:\/\/kartingsalou.com\/#website","url":"https:\/\/kartingsalou.com\/","name":"Karting Salou | Karting en Tarragona | Cumplea\u00f1os, Eventos\u200e y mucho m\u00e1s!","description":"Uno de los Mejores Circuitos de Karting de Europa. Eventos, Cumplea\u00f1os. Eventos Para Empresas, \u00a1Ven a Disfrutar! Parking Gratuito. Para Todos los P\u00fablicos. Celebraciones de Eventos. Bus Gratis.","publisher":{"@id":"https:\/\/kartingsalou.com\/#organization"},"alternateName":"Karts Salou","potentialAction":[{"@type":"SearchAction","target":{"@type":"EntryPoint","urlTemplate":"https:\/\/kartingsalou.com\/?s={search_term_string}"},"query-input":{"@type":"PropertyValueSpecification","valueRequired":true,"valueName":"search_term_string"}}],"inLanguage":"fr-FR"},{"@type":"Organization","@id":"https:\/\/kartingsalou.com\/#organization","name":"Karting Salou | Karting en Tarragona | Cumplea\u00f1os, Eventos\u200e y mucho m\u00e1s!","url":"https:\/\/kartingsalou.com\/","logo":{"@type":"ImageObject","inLanguage":"fr-FR","@id":"https:\/\/kartingsalou.com\/#\/schema\/logo\/image\/","url":"https:\/\/kartingsalou.com\/wp-content\/uploads\/2024\/06\/Logo.jpg","contentUrl":"https:\/\/kartingsalou.com\/wp-content\/uploads\/2024\/06\/Logo.jpg","width":1032,"height":415,"caption":"Karting Salou | Karting en Tarragona | Cumplea\u00f1os, Eventos\u200e y mucho m\u00e1s!"},"image":{"@id":"https:\/\/kartingsalou.com\/#\/schema\/logo\/image\/"},"sameAs":["https:\/\/www.facebook.com\/kartingsalou\/","https:\/\/x.com\/saloukarting","https:\/\/www.instagram.com\/kartingsalou\/?hl=es"]}]}},"_links":{"self":[{"href":"https:\/\/kartingsalou.com\/fr\/wp-json\/wp\/v2\/pages\/4640","targetHints":{"allow":["GET"]}}],"collection":[{"href":"https:\/\/kartingsalou.com\/fr\/wp-json\/wp\/v2\/pages"}],"about":[{"href":"https:\/\/kartingsalou.com\/fr\/wp-json\/wp\/v2\/types\/page"}],"author":[{"embeddable":true,"href":"https:\/\/kartingsalou.com\/fr\/wp-json\/wp\/v2\/users\/1"}],"replies":[{"embeddable":true,"href":"https:\/\/kartingsalou.com\/fr\/wp-json\/wp\/v2\/comments?post=4640"}],"version-history":[{"count":2,"href":"https:\/\/kartingsalou.com\/fr\/wp-json\/wp\/v2\/pages\/4640\/revisions"}],"predecessor-version":[{"id":4690,"href":"https:\/\/kartingsalou.com\/fr\/wp-json\/wp\/v2\/pages\/4640\/revisions\/4690"}],"wp:attachment":[{"href":"https:\/\/kartingsalou.com\/fr\/wp-json\/wp\/v2\/media?parent=4640"}],"curies":[{"name":"wp","href":"https:\/\/api.w.org\/{rel}","templated":true}]}}