{"id":4628,"date":"2023-01-12T00:55:51","date_gmt":"2023-01-12T00:55:51","guid":{"rendered":"https:\/\/kartingsalou.com\/aviso-legal\/"},"modified":"2023-01-17T08:37:18","modified_gmt":"2023-01-17T08:37:18","slug":"avis-juridique","status":"publish","type":"page","link":"https:\/\/kartingsalou.com\/fr\/avis-juridique\/","title":{"rendered":"AVIS JURIDIQUE"},"content":{"rendered":"<ul>\n<li><strong>L&rsquo;OBJECTIF ET L&rsquo;ACCEPTATION :<\/strong><\/li>\n<\/ul>\n<p>Le pr\u00e9sent avis juridique r\u00e9git l&rsquo;utilisation du site web www. kartingsalou.com (ci-apr\u00e8s, LE SITE WEB), dont KARTING SALOU, S.A. est le propri\u00e9taire.<\/p>\n<p>La navigation sur le site web de KARTING SALOU, S.A. fait de vous un utilisateur de celui-ci et implique l&rsquo;acceptation pleine et enti\u00e8re de toutes les dispositions incluses dans cet Avis L\u00e9gal, qui peut subir des modifications.<\/p>\n<p>Cette navigation vous oblige \u00e0 faire un usage correct du site Web conform\u00e9ment \u00e0 la loi, \u00e0 la bonne foi, \u00e0 l&rsquo;ordre public, aux usages de la circulation et au pr\u00e9sent avis l\u00e9gal, faute de quoi vous serez responsable envers KARTING SALOU, S.A. ou envers des tiers des dommages et int\u00e9r\u00eats qui pourraient \u00eatre caus\u00e9s en raison du non-respect de cette obligation.<\/p>\n<p>KARTING SALOU, S.A. peut utiliser des cookies pendant la prestation des services du site web. Les cookies sont des fichiers physiques contenant des informations personnelles stock\u00e9es dans le propre terminal de l&rsquo;utilisateur. Vous avez la possibilit\u00e9 de configurer votre navigateur pour emp\u00eacher la cr\u00e9ation de fichiers de cookies ou pour vous en avertir.<\/p>\n<ul>\n<li><strong>L&rsquo;IDENTIFICATION ET LES COMMUNICATIONS :<\/strong><\/li>\n<\/ul>\n<p>KARTING SALOU, S.A., conform\u00e9ment \u00e0 la loi 34\/2002, du 11 juillet, sur les services de la soci\u00e9t\u00e9 de l&rsquo;information et le commerce \u00e9lectronique, vous informe que :<\/p>\n<p>Sa raison sociale est : KARTING SALOU, S.A.<\/p>\n<p>Son CIF\/NIF\/NIE est : A-43054881<\/p>\n<p>Son si\u00e8ge social est situ\u00e9 \u00e0 : Autov\u00eda Reus-Salou, Km. 2,1 (Tarragona), Espagne.<\/p>\n<p>Toutes les notifications et communications entre les utilisateurs et le PROPRI\u00c9TAIRE DU SITE seront consid\u00e9r\u00e9es comme effectives, \u00e0 toutes fins utiles, lorsqu&rsquo;elles seront envoy\u00e9es par courrier postal ou par tout autre moyen d\u00e9taill\u00e9 sur le SITE lui-m\u00eame.<\/p>\n<p>Traduit avec www.DeepL.com\/Translator (version gratuite)<\/p>\n<p>&nbsp;<\/p>\n<ul>\n<li><strong>LES CONDITIONS D&rsquo;ACC\u00c8S ET D&rsquo;UTILISATION :<\/strong><\/li>\n<\/ul>\n<p>Le site web et ses services sont d&rsquo;acc\u00e8s libre et gratuit, cependant, KARTING SALOU, S.A conditionne l&rsquo;utilisation de certains des services offerts sur son site web \u00e0 l&rsquo;accomplissement pr\u00e9alable du formulaire correspondant. L&rsquo;acc\u00e8s \u00e0 certains services \u00e9tant exclusif \u00e0 nos clients, une inscription pr\u00e9alable et l&rsquo;acceptation des conditions d&rsquo;utilisation sont requises.<\/p>\n<p>En vous inscrivant comme utilisateur, vous \u00eates responsable de l&rsquo;authenticit\u00e9 et de l&rsquo;actualit\u00e9 de toutes les donn\u00e9es que vous fournissez \u00e0 KARTING SALOU, S.A. et vous \u00eates seul responsable des d\u00e9clarations fausses ou inexactes que vous faites, et vous vous engagez express\u00e9ment \u00e0 faire un usage appropri\u00e9 et \u00e9thique des contenus et services de KARTING SALOU, S.A..<\/p>\n<p>Tous les contenus du site Web, tels que les textes, les photographies, les graphiques, les images, les ic\u00f4nes, la technologie, le logiciel, ainsi que sa conception graphique et ses codes source, toutes les marques, les noms commerciaux ou les signes distinctifs de toute sorte, ainsi que la conception de la page constituent une \u0153uvre dont la propri\u00e9t\u00e9 appartient \u00e0 KARTING SALOU, S.A., et il ne peut \u00eatre compris que l&rsquo;utilisation ou l&rsquo;acc\u00e8s \u00e0 celle-ci attribue un quelconque droit sur celle-ci \u00e0 l&rsquo;utilisateur, ni qu&rsquo;aucun des droits d&rsquo;exploitation sur celle-ci n&rsquo;a \u00e9t\u00e9 c\u00e9d\u00e9 \u00e0 l&rsquo;utilisateur.<\/p>\n<p>La distribution, la modification, le transfert ou la communication publique des contenus et tout autre acte qui n&rsquo;a pas \u00e9t\u00e9 express\u00e9ment autoris\u00e9 par le titulaire des droits d&rsquo;exploitation sont interdits.<\/p>\n<p>&nbsp;<\/p>\n<ul>\n<li><strong>EXCLUSION DE GARANTIES ET DE RESPONSABILIT\u00c9 :<\/strong> KARTING SALOU, S.A. n&rsquo;accepte aucune responsabilit\u00e9 pour :<\/li>\n<\/ul>\n<p>&#8211; L&rsquo;utilisation que chaque utilisateur fait du mat\u00e9riel mis \u00e0 disposition sur ce site web ou les actions r\u00e9alis\u00e9es sur la base de celui-ci.<\/p>\n<p>&#8211; La pr\u00e9sence de virus ou d&rsquo;autres \u00e9l\u00e9ments dans les contenus pouvant entra\u00eener des alt\u00e9rations des syst\u00e8mes informatiques, des documents \u00e9lectroniques ou des donn\u00e9es des utilisateurs.<\/p>\n<p>&#8211; Le non-respect de la loi, de la bonne foi, de l&rsquo;ordre public, des usages en mati\u00e8re de circulation et du pr\u00e9sent avis juridique en raison d&rsquo;une utilisation incorrecte du site web.<\/p>\n<p>&#8211; Les actions de tiers qui violent les droits de propri\u00e9t\u00e9 intellectuelle et industrielle, les secrets d&rsquo;affaires, les droits \u00e0 l&rsquo;honneur, \u00e0 l&rsquo;intimit\u00e9 personnelle et familiale et \u00e0 la propre image, ainsi que la r\u00e9glementation sur la concurrence d\u00e9loyale et la publicit\u00e9 ill\u00e9gale.<\/p>\n<p>&#8211; L&rsquo;\u00e9tablissement d&rsquo;un hyperlien n&rsquo;implique en aucun cas l&rsquo;existence d&rsquo;une relation entre KARTING SALOU, S.A. et le propri\u00e9taire du site web sur lequel il est \u00e9tabli, ni l&rsquo;acceptation et l&rsquo;approbation par KARTING SALOU, S.A. de ses contenus ou services. Les personnes qui ont l&rsquo;intention d&rsquo;\u00e9tablir un hyperlien doivent demander l&rsquo;autorisation \u00e9crite pr\u00e9alable de KARTING SALOU, S.A. Dans tous les cas, l&rsquo;hyperlien ne permettra que l&rsquo;acc\u00e8s \u00e0 la page d&rsquo;accueil de notre site web, et devra \u00e9galement s&rsquo;abstenir de faire des d\u00e9clarations ou des indications fausses, inexactes ou incorrectes sur KARTING SALOU, S.A., ou d&rsquo;inclure des contenus ill\u00e9gaux, contraires aux bonnes coutumes et \u00e0 l&rsquo;ordre public. KARTING SALOU, S.A. d\u00e9cline toute responsabilit\u00e9 quant \u00e0 l&rsquo;\u00e9tablissement d&rsquo;hyperliens par des tiers.<\/p>\n<p>De m\u00eame, KARTING SALOU, S.A. d\u00e9cline toute responsabilit\u00e9 quant aux informations trouv\u00e9es en dehors de ce site web et qui ne sont pas g\u00e9r\u00e9es directement par notre webmaster. KARTING SALOU, S.A. ne garantit pas et n&rsquo;assume pas la responsabilit\u00e9 du fonctionnement ou de l&rsquo;accessibilit\u00e9 des sites li\u00e9s, ni ne sugg\u00e8re, n&rsquo;invite ou ne recommande la visite de ceux-ci, et ne sera donc pas responsable des r\u00e9sultats obtenus.<\/p>\n","protected":false},"excerpt":{"rendered":"<p>L&rsquo;OBJECTIF ET L&rsquo;ACCEPTATION : Le pr\u00e9sent avis juridique r\u00e9git l&rsquo;utilisation du site web www. kartingsalou.com (ci-apr\u00e8s, LE SITE WEB), dont KARTING SALOU, S.A. est le propri\u00e9taire. La navigation sur le site web de KARTING SALOU, S.A. fait de vous un utilisateur de celui-ci et implique l&rsquo;acceptation pleine et enti\u00e8re de toutes les dispositions incluses dans [&hellip;]<\/p>\n","protected":false},"author":1,"featured_media":0,"parent":0,"menu_order":0,"comment_status":"closed","ping_status":"closed","template":"","meta":{"_et_pb_use_builder":"","_et_pb_old_content":"","_et_gb_content_width":"","footnotes":""},"class_list":["post-4628","page","type-page","status-publish","hentry"],"yoast_head":"<!-- This site is optimized with the Yoast SEO plugin v27.1.1 - https:\/\/yoast.com\/product\/yoast-seo-wordpress\/ -->\n<title>AVIS JURIDIQUE - Karting Salou | Karting en Tarragona | Cumplea\u00f1os, Eventos\u200e y mucho m\u00e1s!<\/title>\n<meta name=\"robots\" content=\"index, follow, max-snippet:-1, max-image-preview:large, max-video-preview:-1\" \/>\n<link rel=\"canonical\" href=\"https:\/\/kartingsalou.com\/fr\/avis-juridique\/\" \/>\n<meta property=\"og:locale\" content=\"fr_FR\" \/>\n<meta property=\"og:type\" content=\"article\" \/>\n<meta property=\"og:title\" content=\"AVIS JURIDIQUE - Karting Salou | Karting en Tarragona | Cumplea\u00f1os, Eventos\u200e y mucho m\u00e1s!\" \/>\n<meta property=\"og:description\" content=\"L&rsquo;OBJECTIF ET L&rsquo;ACCEPTATION : Le pr\u00e9sent avis juridique r\u00e9git l&rsquo;utilisation du site web www. kartingsalou.com (ci-apr\u00e8s, LE SITE WEB), dont KARTING SALOU, S.A. est le propri\u00e9taire. La navigation sur le site web de KARTING SALOU, S.A. fait de vous un utilisateur de celui-ci et implique l&rsquo;acceptation pleine et enti\u00e8re de toutes les dispositions incluses dans [&hellip;]\" \/>\n<meta property=\"og:url\" content=\"https:\/\/kartingsalou.com\/fr\/avis-juridique\/\" \/>\n<meta property=\"og:site_name\" content=\"Karting Salou | Karting en Tarragona | Cumplea\u00f1os, Eventos\u200e y mucho m\u00e1s!\" \/>\n<meta property=\"article:publisher\" content=\"https:\/\/www.facebook.com\/kartingsalou\/\" \/>\n<meta property=\"article:modified_time\" content=\"2023-01-17T08:37:18+00:00\" \/>\n<meta property=\"og:image\" content=\"https:\/\/kartingsalou.com\/wp-content\/uploads\/2024\/06\/DSC6626-scaled.jpg\" \/>\n\t<meta property=\"og:image:width\" content=\"1710\" \/>\n\t<meta property=\"og:image:height\" content=\"2560\" \/>\n\t<meta property=\"og:image:type\" content=\"image\/jpeg\" \/>\n<meta name=\"twitter:label1\" content=\"Dur\u00e9e de lecture estim\u00e9e\" \/>\n\t<meta name=\"twitter:data1\" content=\"4 minutes\" \/>\n<script type=\"application\/ld+json\" class=\"yoast-schema-graph\">{\"@context\":\"https:\/\/schema.org\",\"@graph\":[{\"@type\":\"WebPage\",\"@id\":\"https:\/\/kartingsalou.com\/fr\/avis-juridique\/\",\"url\":\"https:\/\/kartingsalou.com\/fr\/avis-juridique\/\",\"name\":\"AVIS JURIDIQUE - Karting Salou | Karting en Tarragona | Cumplea\u00f1os, Eventos\u200e y mucho m\u00e1s!\",\"isPartOf\":{\"@id\":\"https:\/\/kartingsalou.com\/#website\"},\"datePublished\":\"2023-01-12T00:55:51+00:00\",\"dateModified\":\"2023-01-17T08:37:18+00:00\",\"breadcrumb\":{\"@id\":\"https:\/\/kartingsalou.com\/fr\/avis-juridique\/#breadcrumb\"},\"inLanguage\":\"fr-FR\",\"potentialAction\":[{\"@type\":\"ReadAction\",\"target\":[\"https:\/\/kartingsalou.com\/fr\/avis-juridique\/\"]}]},{\"@type\":\"BreadcrumbList\",\"@id\":\"https:\/\/kartingsalou.com\/fr\/avis-juridique\/#breadcrumb\",\"itemListElement\":[{\"@type\":\"ListItem\",\"position\":1,\"name\":\"Portada\",\"item\":\"https:\/\/kartingsalou.com\/\"},{\"@type\":\"ListItem\",\"position\":2,\"name\":\"AVIS JURIDIQUE\"}]},{\"@type\":\"WebSite\",\"@id\":\"https:\/\/kartingsalou.com\/#website\",\"url\":\"https:\/\/kartingsalou.com\/\",\"name\":\"Karting Salou | Karting en Tarragona | Cumplea\u00f1os, Eventos\u200e y mucho m\u00e1s!\",\"description\":\"Uno de los Mejores Circuitos de Karting de Europa. Eventos, Cumplea\u00f1os. Eventos Para Empresas, \u00a1Ven a Disfrutar! Parking Gratuito. Para Todos los P\u00fablicos. Celebraciones de Eventos. Bus Gratis.\",\"publisher\":{\"@id\":\"https:\/\/kartingsalou.com\/#organization\"},\"alternateName\":\"Karts Salou\",\"potentialAction\":[{\"@type\":\"SearchAction\",\"target\":{\"@type\":\"EntryPoint\",\"urlTemplate\":\"https:\/\/kartingsalou.com\/?s={search_term_string}\"},\"query-input\":{\"@type\":\"PropertyValueSpecification\",\"valueRequired\":true,\"valueName\":\"search_term_string\"}}],\"inLanguage\":\"fr-FR\"},{\"@type\":\"Organization\",\"@id\":\"https:\/\/kartingsalou.com\/#organization\",\"name\":\"Karting Salou | Karting en Tarragona | Cumplea\u00f1os, Eventos\u200e y mucho m\u00e1s!\",\"url\":\"https:\/\/kartingsalou.com\/\",\"logo\":{\"@type\":\"ImageObject\",\"inLanguage\":\"fr-FR\",\"@id\":\"https:\/\/kartingsalou.com\/#\/schema\/logo\/image\/\",\"url\":\"https:\/\/kartingsalou.com\/wp-content\/uploads\/2024\/06\/Logo.jpg\",\"contentUrl\":\"https:\/\/kartingsalou.com\/wp-content\/uploads\/2024\/06\/Logo.jpg\",\"width\":1032,\"height\":415,\"caption\":\"Karting Salou | Karting en Tarragona | Cumplea\u00f1os, Eventos\u200e y mucho m\u00e1s!\"},\"image\":{\"@id\":\"https:\/\/kartingsalou.com\/#\/schema\/logo\/image\/\"},\"sameAs\":[\"https:\/\/www.facebook.com\/kartingsalou\/\",\"https:\/\/x.com\/saloukarting\",\"https:\/\/www.instagram.com\/kartingsalou\/?hl=es\"]}]}<\/script>\n<!-- \/ Yoast SEO plugin. -->","yoast_head_json":{"title":"AVIS JURIDIQUE - Karting Salou | Karting en Tarragona | Cumplea\u00f1os, Eventos\u200e y mucho m\u00e1s!","robots":{"index":"index","follow":"follow","max-snippet":"max-snippet:-1","max-image-preview":"max-image-preview:large","max-video-preview":"max-video-preview:-1"},"canonical":"https:\/\/kartingsalou.com\/fr\/avis-juridique\/","og_locale":"fr_FR","og_type":"article","og_title":"AVIS JURIDIQUE - Karting Salou | Karting en Tarragona | Cumplea\u00f1os, Eventos\u200e y mucho m\u00e1s!","og_description":"L&rsquo;OBJECTIF ET L&rsquo;ACCEPTATION : Le pr\u00e9sent avis juridique r\u00e9git l&rsquo;utilisation du site web www. kartingsalou.com (ci-apr\u00e8s, LE SITE WEB), dont KARTING SALOU, S.A. est le propri\u00e9taire. La navigation sur le site web de KARTING SALOU, S.A. fait de vous un utilisateur de celui-ci et implique l&rsquo;acceptation pleine et enti\u00e8re de toutes les dispositions incluses dans [&hellip;]","og_url":"https:\/\/kartingsalou.com\/fr\/avis-juridique\/","og_site_name":"Karting Salou | Karting en Tarragona | Cumplea\u00f1os, Eventos\u200e y mucho m\u00e1s!","article_publisher":"https:\/\/www.facebook.com\/kartingsalou\/","article_modified_time":"2023-01-17T08:37:18+00:00","og_image":[{"width":1710,"height":2560,"url":"https:\/\/kartingsalou.com\/wp-content\/uploads\/2024\/06\/DSC6626-scaled.jpg","type":"image\/jpeg"}],"twitter_misc":{"Dur\u00e9e de lecture estim\u00e9e":"4 minutes"},"schema":{"@context":"https:\/\/schema.org","@graph":[{"@type":"WebPage","@id":"https:\/\/kartingsalou.com\/fr\/avis-juridique\/","url":"https:\/\/kartingsalou.com\/fr\/avis-juridique\/","name":"AVIS JURIDIQUE - Karting Salou | Karting en Tarragona | Cumplea\u00f1os, Eventos\u200e y mucho m\u00e1s!","isPartOf":{"@id":"https:\/\/kartingsalou.com\/#website"},"datePublished":"2023-01-12T00:55:51+00:00","dateModified":"2023-01-17T08:37:18+00:00","breadcrumb":{"@id":"https:\/\/kartingsalou.com\/fr\/avis-juridique\/#breadcrumb"},"inLanguage":"fr-FR","potentialAction":[{"@type":"ReadAction","target":["https:\/\/kartingsalou.com\/fr\/avis-juridique\/"]}]},{"@type":"BreadcrumbList","@id":"https:\/\/kartingsalou.com\/fr\/avis-juridique\/#breadcrumb","itemListElement":[{"@type":"ListItem","position":1,"name":"Portada","item":"https:\/\/kartingsalou.com\/"},{"@type":"ListItem","position":2,"name":"AVIS JURIDIQUE"}]},{"@type":"WebSite","@id":"https:\/\/kartingsalou.com\/#website","url":"https:\/\/kartingsalou.com\/","name":"Karting Salou | Karting en Tarragona | Cumplea\u00f1os, Eventos\u200e y mucho m\u00e1s!","description":"Uno de los Mejores Circuitos de Karting de Europa. Eventos, Cumplea\u00f1os. Eventos Para Empresas, \u00a1Ven a Disfrutar! Parking Gratuito. Para Todos los P\u00fablicos. Celebraciones de Eventos. Bus Gratis.","publisher":{"@id":"https:\/\/kartingsalou.com\/#organization"},"alternateName":"Karts Salou","potentialAction":[{"@type":"SearchAction","target":{"@type":"EntryPoint","urlTemplate":"https:\/\/kartingsalou.com\/?s={search_term_string}"},"query-input":{"@type":"PropertyValueSpecification","valueRequired":true,"valueName":"search_term_string"}}],"inLanguage":"fr-FR"},{"@type":"Organization","@id":"https:\/\/kartingsalou.com\/#organization","name":"Karting Salou | Karting en Tarragona | Cumplea\u00f1os, Eventos\u200e y mucho m\u00e1s!","url":"https:\/\/kartingsalou.com\/","logo":{"@type":"ImageObject","inLanguage":"fr-FR","@id":"https:\/\/kartingsalou.com\/#\/schema\/logo\/image\/","url":"https:\/\/kartingsalou.com\/wp-content\/uploads\/2024\/06\/Logo.jpg","contentUrl":"https:\/\/kartingsalou.com\/wp-content\/uploads\/2024\/06\/Logo.jpg","width":1032,"height":415,"caption":"Karting Salou | Karting en Tarragona | Cumplea\u00f1os, Eventos\u200e y mucho m\u00e1s!"},"image":{"@id":"https:\/\/kartingsalou.com\/#\/schema\/logo\/image\/"},"sameAs":["https:\/\/www.facebook.com\/kartingsalou\/","https:\/\/x.com\/saloukarting","https:\/\/www.instagram.com\/kartingsalou\/?hl=es"]}]}},"_links":{"self":[{"href":"https:\/\/kartingsalou.com\/fr\/wp-json\/wp\/v2\/pages\/4628","targetHints":{"allow":["GET"]}}],"collection":[{"href":"https:\/\/kartingsalou.com\/fr\/wp-json\/wp\/v2\/pages"}],"about":[{"href":"https:\/\/kartingsalou.com\/fr\/wp-json\/wp\/v2\/types\/page"}],"author":[{"embeddable":true,"href":"https:\/\/kartingsalou.com\/fr\/wp-json\/wp\/v2\/users\/1"}],"replies":[{"embeddable":true,"href":"https:\/\/kartingsalou.com\/fr\/wp-json\/wp\/v2\/comments?post=4628"}],"version-history":[{"count":3,"href":"https:\/\/kartingsalou.com\/fr\/wp-json\/wp\/v2\/pages\/4628\/revisions"}],"predecessor-version":[{"id":4691,"href":"https:\/\/kartingsalou.com\/fr\/wp-json\/wp\/v2\/pages\/4628\/revisions\/4691"}],"wp:attachment":[{"href":"https:\/\/kartingsalou.com\/fr\/wp-json\/wp\/v2\/media?parent=4628"}],"curies":[{"name":"wp","href":"https:\/\/api.w.org\/{rel}","templated":true}]}}