{"id":4633,"date":"2023-01-12T00:59:00","date_gmt":"2023-01-12T00:59:00","guid":{"rendered":"https:\/\/kartingsalou.com\/politica-de-privacidad\/"},"modified":"2023-01-12T09:53:19","modified_gmt":"2023-01-12T09:53:19","slug":"politica-de-privacidad","status":"publish","type":"page","link":"https:\/\/kartingsalou.com\/ca\/politica-de-privacidad\/","title":{"rendered":"POL\u00cdTICA DE PRIVACITAT"},"content":{"rendered":"<ul>\n<li><strong>POL\u00cdTICA DE PRIVACITAT:<\/strong><\/li>\n<\/ul>\n<p>Quan necessitem obtenir informaci\u00f3 per part seva, sempre us demanarem que ens la proporcioni volunt\u00e0riament de forma expressa. Les dades demanades a trav\u00e9s dels formularis de recollida de dades del lloc web o altres vies seran incorporades a un fitxer de dades de car\u00e0cter personal del qual \u00e9s responsable KARTING SALOU, S.A. Tractarem les vostres dades de forma confidencial i exclusivament amb la finalitat d&#8217;oferir els serveis sol\u00b7licitats, amb totes les garanties legals i de seguretat que imposa la normativa en mat\u00e8ria de protecci\u00f3 de dades i drets digitals i altres relacionades.<\/p>\n<p>KARTING SALOU, S.A no cedir\u00e0 les dades amb tercers sense la seva aprovaci\u00f3 expressa, excepte en els sup\u00f2sits a qu\u00e8 venim obligats legalment.<\/p>\n<p>Cancel\u00b7larem o rectificarem les dades quan resultin inexactes, incomplets o hagin deixat de ser necess\u00e0ries o pertinents per a la seva finalitat.<\/p>\n<p>L&#8217;usuari podr\u00e0 revocar el consentiment prestat i exercir els drets d&#8217;acc\u00e9s, rectificaci\u00f3, cancel\u00b7laci\u00f3 i oposici\u00f3 dirigint-se a aquest efecte al domicili social KARTING SALOU, SA a Salou 43840 (Tarragona), Crta. Reus-Salou Km. 2,8 o per correu electr\u00f2nic a karting@kartingsalou.com, identificant-se degudament amb el DNI o document equivalent i indicant de forma visible el dret concret que s&#8217;exerceix.<\/p>\n<p>Si opteu a abandonar el nostre lloc web a trav\u00e9s d&#8217;enlla\u00e7os a llocs web no pertanyents a la nostra entitat, EL PROPIETARI DE LA WEB no es far\u00e0 responsable de les pol\u00edtiques de privadesa d&#8217;aquests llocs web ni de les cookies que aquests puguin emmagatzemar a l&#8217;ordinador del usuari.<\/p>\n<p>La nostra pol\u00edtica pel que fa al correu electr\u00f2nic se centra a remetre \u00fanicament comunicacions que vost\u00e8 hagi sol\u00b7licitat rebre. Si preferiu no rebre aquests missatges per correu electr\u00f2nic us oferirem a trav\u00e9s d&#8217;aquests la possibilitat d&#8217;exercir el vostre dret de cancel\u00b7laci\u00f3 i ren\u00fancia a la recepci\u00f3 d&#8217;aquests missatges.<\/p>\n<p>&nbsp;<\/p>\n<ul>\n<li><strong>POL\u00cdTICA DE PRIVACITAT XARXES SOCIALS:<\/strong><\/li>\n<\/ul>\n<p>En unir-te a la nostra xarxa social, ens facilites el teu consentiment per al tractament d&#8217;aquelles dades personals publicades al teu perfil. Pots accedir en tot moment a les pol\u00edtiques de privadesa de la nostra Xarxa Social, aix\u00ed com configurar el teu perfil per garantir la privadesa.<\/p>\n<p>KARTING SALOU, S.A, es reserva el dret a retirar immediatament el contingut il\u00b7l\u00edcit o no acceptable, podent sol\u00b7licitar el bloqueig permanent de l&#8217;usuari, i no \u00e9s responsable dels continguts publicats lliurement pels usuaris.<\/p>\n<p>KARTING SALOU, S.A, accedir\u00e0 a la informaci\u00f3 p\u00fablica del teu perfil, enviar\u00e0 missatges a trav\u00e9s dels canals de la Xarxa Social i realitzar\u00e0 actualitzacions de l&#8217;estat de la p\u00e0gina que es publicaran al perfil de l&#8217;usuari.<\/p>\n<p>Com a usuari sempre pots controlar les connexions, eliminar els continguts que deixin d&#8217;interessar-te i restringir amb qui comparteixes les teves connexions. Si t&#8217;uneixes a la nostra xarxa social, podr\u00e0s publicar comentaris, enlla\u00e7os, imatges fotografies o qualsevol altre tipus de contingut multim\u00e8dia suportat per la mateixa. En tots els casos, n&#8217;has de ser el titular, gaudir dels drets d&#8217;autor i de propietat intel\u00b7lectual o comptar amb el consentiment dels tercers afectats. Es prohibeix expressament qualsevol publicaci\u00f3 a la p\u00e0gina que atemptin o siguin susceptibles d&#8217;atemptar contra la moral, l&#8217;\u00e8tica, el bon gust o el dec\u00f2rum, ni que infringeixin, violin o conculquin els drets de propietat intel\u00b7lectual o industrial, el dret a la imatge o la Llei.<\/p>\n<p>Has de tenir present que les teves publicacions seran conegudes pels altres usuaris, per la qual cosa tu mateix ets el principal responsable de la teva privadesa. Les imatges que es puguin publicar a la p\u00e0gina, romandran a la Xarxa Social.<\/p>\n<p>KARTING SALOU, SA podr\u00e0 realitzar accions en qu\u00e8 podran participar els usuaris units a la seva p\u00e0gina. Si per fer-ho, fos necessari la publicaci\u00f3 de bases s&#8217;utilitz\u00e9s per a aix\u00f2 la plataforma de la Xarxa Social.<\/p>\n","protected":false},"excerpt":{"rendered":"<p>POL\u00cdTICA DE PRIVACITAT: Quan necessitem obtenir informaci\u00f3 per part seva, sempre us demanarem que ens la proporcioni volunt\u00e0riament de forma expressa. Les dades demanades a trav\u00e9s dels formularis de recollida de dades del lloc web o altres vies seran incorporades a un fitxer de dades de car\u00e0cter personal del qual \u00e9s responsable KARTING SALOU, S.A. [&hellip;]<\/p>\n","protected":false},"author":1,"featured_media":0,"parent":0,"menu_order":0,"comment_status":"closed","ping_status":"closed","template":"","meta":{"_et_pb_use_builder":"","_et_pb_old_content":"","_et_gb_content_width":"","footnotes":""},"class_list":["post-4633","page","type-page","status-publish","hentry"],"yoast_head":"<!-- This site is optimized with the Yoast SEO plugin v27.1.1 - https:\/\/yoast.com\/product\/yoast-seo-wordpress\/ -->\n<title>POL\u00cdTICA DE PRIVACITAT - Karting Salou | Karting en Tarragona | Cumplea\u00f1os, Eventos\u200e y mucho m\u00e1s!<\/title>\n<meta name=\"robots\" content=\"index, follow, max-snippet:-1, max-image-preview:large, max-video-preview:-1\" \/>\n<link rel=\"canonical\" href=\"https:\/\/kartingsalou.com\/ca\/politica-de-privacidad\/\" \/>\n<meta property=\"og:locale\" content=\"ca_ES\" \/>\n<meta property=\"og:type\" content=\"article\" \/>\n<meta property=\"og:title\" content=\"POL\u00cdTICA DE PRIVACITAT - Karting Salou | Karting en Tarragona | Cumplea\u00f1os, Eventos\u200e y mucho m\u00e1s!\" \/>\n<meta property=\"og:description\" content=\"POL\u00cdTICA DE PRIVACITAT: Quan necessitem obtenir informaci\u00f3 per part seva, sempre us demanarem que ens la proporcioni volunt\u00e0riament de forma expressa. Les dades demanades a trav\u00e9s dels formularis de recollida de dades del lloc web o altres vies seran incorporades a un fitxer de dades de car\u00e0cter personal del qual \u00e9s responsable KARTING SALOU, S.A. [&hellip;]\" \/>\n<meta property=\"og:url\" content=\"https:\/\/kartingsalou.com\/ca\/politica-de-privacidad\/\" \/>\n<meta property=\"og:site_name\" content=\"Karting Salou | Karting en Tarragona | Cumplea\u00f1os, Eventos\u200e y mucho m\u00e1s!\" \/>\n<meta property=\"article:publisher\" content=\"https:\/\/www.facebook.com\/kartingsalou\/\" \/>\n<meta property=\"article:modified_time\" content=\"2023-01-12T09:53:19+00:00\" \/>\n<meta property=\"og:image\" content=\"https:\/\/kartingsalou.com\/wp-content\/uploads\/2024\/06\/DSC6626-scaled.jpg\" \/>\n\t<meta property=\"og:image:width\" content=\"1710\" \/>\n\t<meta property=\"og:image:height\" content=\"2560\" \/>\n\t<meta property=\"og:image:type\" content=\"image\/jpeg\" \/>\n<meta name=\"twitter:label1\" content=\"Temps estimat de lectura\" \/>\n\t<meta name=\"twitter:data1\" content=\"3 minuts\" \/>\n<script type=\"application\/ld+json\" class=\"yoast-schema-graph\">{\"@context\":\"https:\/\/schema.org\",\"@graph\":[{\"@type\":\"WebPage\",\"@id\":\"https:\/\/kartingsalou.com\/ca\/politica-de-privacidad\/\",\"url\":\"https:\/\/kartingsalou.com\/ca\/politica-de-privacidad\/\",\"name\":\"POL\u00cdTICA DE PRIVACITAT - Karting Salou | Karting en Tarragona | Cumplea\u00f1os, Eventos\u200e y mucho m\u00e1s!\",\"isPartOf\":{\"@id\":\"https:\/\/kartingsalou.com\/#website\"},\"datePublished\":\"2023-01-12T00:59:00+00:00\",\"dateModified\":\"2023-01-12T09:53:19+00:00\",\"breadcrumb\":{\"@id\":\"https:\/\/kartingsalou.com\/ca\/politica-de-privacidad\/#breadcrumb\"},\"inLanguage\":\"ca\",\"potentialAction\":[{\"@type\":\"ReadAction\",\"target\":[\"https:\/\/kartingsalou.com\/ca\/politica-de-privacidad\/\"]}]},{\"@type\":\"BreadcrumbList\",\"@id\":\"https:\/\/kartingsalou.com\/ca\/politica-de-privacidad\/#breadcrumb\",\"itemListElement\":[{\"@type\":\"ListItem\",\"position\":1,\"name\":\"Portada\",\"item\":\"https:\/\/kartingsalou.com\/\"},{\"@type\":\"ListItem\",\"position\":2,\"name\":\"POL\u00cdTICA DE PRIVACITAT\"}]},{\"@type\":\"WebSite\",\"@id\":\"https:\/\/kartingsalou.com\/#website\",\"url\":\"https:\/\/kartingsalou.com\/\",\"name\":\"Karting Salou | Karting en Tarragona | Cumplea\u00f1os, Eventos\u200e y mucho m\u00e1s!\",\"description\":\"Uno de los Mejores Circuitos de Karting de Europa. Eventos, Cumplea\u00f1os. Eventos Para Empresas, \u00a1Ven a Disfrutar! Parking Gratuito. Para Todos los P\u00fablicos. Celebraciones de Eventos. Bus Gratis.\",\"publisher\":{\"@id\":\"https:\/\/kartingsalou.com\/#organization\"},\"alternateName\":\"Karts Salou\",\"potentialAction\":[{\"@type\":\"SearchAction\",\"target\":{\"@type\":\"EntryPoint\",\"urlTemplate\":\"https:\/\/kartingsalou.com\/?s={search_term_string}\"},\"query-input\":{\"@type\":\"PropertyValueSpecification\",\"valueRequired\":true,\"valueName\":\"search_term_string\"}}],\"inLanguage\":\"ca\"},{\"@type\":\"Organization\",\"@id\":\"https:\/\/kartingsalou.com\/#organization\",\"name\":\"Karting Salou | Karting en Tarragona | Cumplea\u00f1os, Eventos\u200e y mucho m\u00e1s!\",\"url\":\"https:\/\/kartingsalou.com\/\",\"logo\":{\"@type\":\"ImageObject\",\"inLanguage\":\"ca\",\"@id\":\"https:\/\/kartingsalou.com\/#\/schema\/logo\/image\/\",\"url\":\"https:\/\/kartingsalou.com\/wp-content\/uploads\/2024\/06\/Logo.jpg\",\"contentUrl\":\"https:\/\/kartingsalou.com\/wp-content\/uploads\/2024\/06\/Logo.jpg\",\"width\":1032,\"height\":415,\"caption\":\"Karting Salou | Karting en Tarragona | Cumplea\u00f1os, Eventos\u200e y mucho m\u00e1s!\"},\"image\":{\"@id\":\"https:\/\/kartingsalou.com\/#\/schema\/logo\/image\/\"},\"sameAs\":[\"https:\/\/www.facebook.com\/kartingsalou\/\",\"https:\/\/x.com\/saloukarting\",\"https:\/\/www.instagram.com\/kartingsalou\/?hl=es\"]}]}<\/script>\n<!-- \/ Yoast SEO plugin. -->","yoast_head_json":{"title":"POL\u00cdTICA DE PRIVACITAT - Karting Salou | Karting en Tarragona | Cumplea\u00f1os, Eventos\u200e y mucho m\u00e1s!","robots":{"index":"index","follow":"follow","max-snippet":"max-snippet:-1","max-image-preview":"max-image-preview:large","max-video-preview":"max-video-preview:-1"},"canonical":"https:\/\/kartingsalou.com\/ca\/politica-de-privacidad\/","og_locale":"ca_ES","og_type":"article","og_title":"POL\u00cdTICA DE PRIVACITAT - Karting Salou | Karting en Tarragona | Cumplea\u00f1os, Eventos\u200e y mucho m\u00e1s!","og_description":"POL\u00cdTICA DE PRIVACITAT: Quan necessitem obtenir informaci\u00f3 per part seva, sempre us demanarem que ens la proporcioni volunt\u00e0riament de forma expressa. Les dades demanades a trav\u00e9s dels formularis de recollida de dades del lloc web o altres vies seran incorporades a un fitxer de dades de car\u00e0cter personal del qual \u00e9s responsable KARTING SALOU, S.A. [&hellip;]","og_url":"https:\/\/kartingsalou.com\/ca\/politica-de-privacidad\/","og_site_name":"Karting Salou | Karting en Tarragona | Cumplea\u00f1os, Eventos\u200e y mucho m\u00e1s!","article_publisher":"https:\/\/www.facebook.com\/kartingsalou\/","article_modified_time":"2023-01-12T09:53:19+00:00","og_image":[{"width":1710,"height":2560,"url":"https:\/\/kartingsalou.com\/wp-content\/uploads\/2024\/06\/DSC6626-scaled.jpg","type":"image\/jpeg"}],"twitter_misc":{"Temps estimat de lectura":"3 minuts"},"schema":{"@context":"https:\/\/schema.org","@graph":[{"@type":"WebPage","@id":"https:\/\/kartingsalou.com\/ca\/politica-de-privacidad\/","url":"https:\/\/kartingsalou.com\/ca\/politica-de-privacidad\/","name":"POL\u00cdTICA DE PRIVACITAT - Karting Salou | Karting en Tarragona | Cumplea\u00f1os, Eventos\u200e y mucho m\u00e1s!","isPartOf":{"@id":"https:\/\/kartingsalou.com\/#website"},"datePublished":"2023-01-12T00:59:00+00:00","dateModified":"2023-01-12T09:53:19+00:00","breadcrumb":{"@id":"https:\/\/kartingsalou.com\/ca\/politica-de-privacidad\/#breadcrumb"},"inLanguage":"ca","potentialAction":[{"@type":"ReadAction","target":["https:\/\/kartingsalou.com\/ca\/politica-de-privacidad\/"]}]},{"@type":"BreadcrumbList","@id":"https:\/\/kartingsalou.com\/ca\/politica-de-privacidad\/#breadcrumb","itemListElement":[{"@type":"ListItem","position":1,"name":"Portada","item":"https:\/\/kartingsalou.com\/"},{"@type":"ListItem","position":2,"name":"POL\u00cdTICA DE PRIVACITAT"}]},{"@type":"WebSite","@id":"https:\/\/kartingsalou.com\/#website","url":"https:\/\/kartingsalou.com\/","name":"Karting Salou | Karting en Tarragona | Cumplea\u00f1os, Eventos\u200e y mucho m\u00e1s!","description":"Uno de los Mejores Circuitos de Karting de Europa. Eventos, Cumplea\u00f1os. Eventos Para Empresas, \u00a1Ven a Disfrutar! Parking Gratuito. Para Todos los P\u00fablicos. Celebraciones de Eventos. Bus Gratis.","publisher":{"@id":"https:\/\/kartingsalou.com\/#organization"},"alternateName":"Karts Salou","potentialAction":[{"@type":"SearchAction","target":{"@type":"EntryPoint","urlTemplate":"https:\/\/kartingsalou.com\/?s={search_term_string}"},"query-input":{"@type":"PropertyValueSpecification","valueRequired":true,"valueName":"search_term_string"}}],"inLanguage":"ca"},{"@type":"Organization","@id":"https:\/\/kartingsalou.com\/#organization","name":"Karting Salou | Karting en Tarragona | Cumplea\u00f1os, Eventos\u200e y mucho m\u00e1s!","url":"https:\/\/kartingsalou.com\/","logo":{"@type":"ImageObject","inLanguage":"ca","@id":"https:\/\/kartingsalou.com\/#\/schema\/logo\/image\/","url":"https:\/\/kartingsalou.com\/wp-content\/uploads\/2024\/06\/Logo.jpg","contentUrl":"https:\/\/kartingsalou.com\/wp-content\/uploads\/2024\/06\/Logo.jpg","width":1032,"height":415,"caption":"Karting Salou | Karting en Tarragona | Cumplea\u00f1os, Eventos\u200e y mucho m\u00e1s!"},"image":{"@id":"https:\/\/kartingsalou.com\/#\/schema\/logo\/image\/"},"sameAs":["https:\/\/www.facebook.com\/kartingsalou\/","https:\/\/x.com\/saloukarting","https:\/\/www.instagram.com\/kartingsalou\/?hl=es"]}]}},"_links":{"self":[{"href":"https:\/\/kartingsalou.com\/ca\/wp-json\/wp\/v2\/pages\/4633","targetHints":{"allow":["GET"]}}],"collection":[{"href":"https:\/\/kartingsalou.com\/ca\/wp-json\/wp\/v2\/pages"}],"about":[{"href":"https:\/\/kartingsalou.com\/ca\/wp-json\/wp\/v2\/types\/page"}],"author":[{"embeddable":true,"href":"https:\/\/kartingsalou.com\/ca\/wp-json\/wp\/v2\/users\/1"}],"replies":[{"embeddable":true,"href":"https:\/\/kartingsalou.com\/ca\/wp-json\/wp\/v2\/comments?post=4633"}],"version-history":[{"count":2,"href":"https:\/\/kartingsalou.com\/ca\/wp-json\/wp\/v2\/pages\/4633\/revisions"}],"predecessor-version":[{"id":4635,"href":"https:\/\/kartingsalou.com\/ca\/wp-json\/wp\/v2\/pages\/4633\/revisions\/4635"}],"wp:attachment":[{"href":"https:\/\/kartingsalou.com\/ca\/wp-json\/wp\/v2\/media?parent=4633"}],"curies":[{"name":"wp","href":"https:\/\/api.w.org\/{rel}","templated":true}]}}