{"id":4621,"date":"2023-01-12T00:55:51","date_gmt":"2023-01-12T00:55:51","guid":{"rendered":"https:\/\/kartingsalou.com\/aviso-legal\/"},"modified":"2023-10-03T16:15:57","modified_gmt":"2023-10-03T14:15:57","slug":"aviso-legal","status":"publish","type":"page","link":"https:\/\/kartingsalou.com\/ca\/aviso-legal\/","title":{"rendered":"AVIS LEGAL"},"content":{"rendered":"[et_pb_section admin_label=&#8221;section&#8221;]\n\t\t\t[et_pb_row admin_label=&#8221;row&#8221;]\n\t\t\t\t[et_pb_column type=&#8221;4_4&#8243;][et_pb_text admin_label=&#8221;Text&#8221;]\n<ul>\n<li><strong>1. OBJECTE I ACCEPTACI\u00d3<\/strong>:<\/li>\n<\/ul>\n<p>Aquest av\u00eds legal regula l&#8217;\u00fas del lloc web www. kartingsalou.com\u00a0 (d&#8217;ara endavant, LA WEB), del qual \u00e9s titular KARTING SALOU, S.A.<\/p>\n<p>La navegaci\u00f3 pel lloc web de KARTING SALOU, S.A. t&#8217;atribueix la condici\u00f3 d&#8217;usuari i implica l&#8217;acceptaci\u00f3 plena i sense reserves de totes i cadascuna de les disposicions incloses en aquest Av\u00eds Legal, que poden patir modificacions.<\/p>\n<p>Aquesta navegaci\u00f3 us obliga a fer un \u00fas correcte del lloc web de conformitat amb les lleis, la bona fe, l&#8217;ordre p\u00fablic, els usos del tr\u00e0nsit i el present Av\u00eds Legal, en cas contrari respondr\u00e0s davant KARTING SALOU, SA o davant de tercers , de qualssevol danys i perjudicis que poguessin causar-se com a conseq\u00fc\u00e8ncia de l&#8217;incompliment de la dita obligaci\u00f3.<\/p>\n<p>KARTING SALOU, SA podr\u00e0 utilitzar cookies durant la prestaci\u00f3 de serveis del lloc web. Les cookies s\u00f3n fitxers f\u00edsics d&#8217;informaci\u00f3 personal allotjats al mateix terminal de l&#8217;usuari. Teniu la possibilitat de configurar el vostre programa navegador de manera que s&#8217;impedeixi la creaci\u00f3 de fitxers galeta o se n&#8217;adverteixi.<\/p>\n<ul>\n<li><strong>2. IDENTIFICACI\u00d3 I COMUNICACIONS:<\/strong><\/li>\n<\/ul>\n<p>KARTING SALOU, S.A., en compliment de la Llei 34\/2002, d&#8217;11 de juliol, de serveis de la societat de la informaci\u00f3 i de comer\u00e7 electr\u00f2nic, us informa que:<\/p>\n<p>La seva denominaci\u00f3 social \u00e9s: KARTING SALOU, S.A<\/p>\n<p>El CIF\/NIF\/NIE \u00e9s: A-43054881<\/p>\n<p>El seu domicili social \u00e9s a: Autovia Reus-Salou, Km. 2,1 (Tarragona), Espanya.<\/p>\n<p>Totes les notificacions i comunicacions entre els usuaris i EL PROPIETARI DE LA WEB es consideraran eficaces, amb car\u00e0cter general, quan es realitzin a trav\u00e9s de correu postal o qualsevol altre mitj\u00e0 dels detallats a la pr\u00f2pia WEB.<\/p>\n<p>&nbsp;<\/p>\n<ul>\n<li><strong>3. CONDICIONS D&#8217;ACC\u00c9S I UTILITZACI\u00d3:<\/strong><\/li>\n<\/ul>\n<p>El lloc web i els seus serveis s\u00f3n d&#8217;acc\u00e9s lliure i gratu\u00eft, per\u00f2 KARTING SALOU, S.A condiciona la utilitzaci\u00f3 d&#8217;alguns dels serveis oferts a la seva web a l&#8217;emplenament previ del corresponent formulari. L&#8217;acc\u00e9s a determinats serveis s\u00f3n exclusius per als nostres clients, per aix\u00f2 s&#8217;exigeix \u200b\u200bel registre previ i l&#8217;acceptaci\u00f3 de les condicions d&#8217;\u00fas.<\/p>\n<p>En registrar-te com a usuari, respons de l&#8217;autenticitat i l&#8217;actualitat de totes aquelles dades que comuniquis a KARTING SALOU, S.A. i ser\u00e0s l&#8217;\u00fanic responsable de les manifestacions falses o inexactes que facis, aix\u00ed com et compromets expressament a fer un \u00fas adequat i \u00e8tic dels continguts i serveis de KARTING SALOU, S.A.<\/p>\n<p>Tots els continguts del lloc web, com ara textos, fotografies, gr\u00e0fics, imatges, icones, tecnologia, programari, aix\u00ed com el seu disseny gr\u00e0fic i codis font, totes les marques, noms comercials o signes distintius de qualsevol classe, aix\u00ed com el disseny de la p\u00e0gina constitueixen una obra la propietat de la qual pertany a KARTING SALOU, S.A., sense que es pugui entendre que l&#8217;\u00fas o acc\u00e9s a aquest atribueixi a l&#8217;usuari cap dret sobre aquests ni es puguin entendre cedits a l&#8217;usuari cap dels drets d&#8217;explotaci\u00f3 sobre aquests.<\/p>\n<p>La distribuci\u00f3, la modificaci\u00f3, la cessi\u00f3 o la comunicaci\u00f3 p\u00fablica dels continguts i qualsevol altre acte que no hagi estat expressament autoritzat pel titular dels drets d&#8217;explotaci\u00f3 queden prohibits.<\/p>\n<p>&nbsp;<\/p>\n<ul>\n<li><strong>4. EXCLUSI\u00d3 DE GARANTIES I DE RESPONSABILITAT:<\/strong> KARTING SALOU, S.A. no es responsabilitza de:<\/li>\n<\/ul>\n<p>&#8211; L&#8217;\u00fas que cada usuari doni als materials posats a disposici\u00f3 en aquest lloc web ni de les actuacions que realitzi sobre la base d&#8217;aquests.<\/p>\n<p>&#8211; La pres\u00e8ncia de virus o d&#8217;altres elements en els continguts que puguin produir alteracions als sistemes inform\u00e0tics, documents electr\u00f2nics o dades dels usuaris.<\/p>\n<p>&#8211; L&#8217;incompliment de les lleis, la bona fe, l&#8217;ordre p\u00fablic, els usos del tr\u00e0nsit i aquest av\u00eds legal com a conseq\u00fc\u00e8ncia de l&#8217;\u00fas incorrecte del lloc web.<\/p>\n<p>&#8211; De les actuacions de tercers que vulnerin drets de propietat intel\u00b7lectual i industrial, secrets empresarials, drets a l&#8217;honor, a la intimitat personal i familiar ia la pr\u00f2pia imatge, aix\u00ed com la normativa en mat\u00e8ria de compet\u00e8ncia deslleial i publicitat il\u00b7l\u00edcita.<\/p>\n<p>&#8211; L\u201festabliment d\u201fun hiperenlla\u00e7 no implica en cap cas l\u201fexist\u00e8ncia de relacions entre KARTING SALOU, S.A. i el propietari del lloc web on s&#8217;estableixi, ni l&#8217;acceptaci\u00f3 i aprovaci\u00f3 per part de KARTING SALOU, S.A. dels seus continguts o serveis. Aquelles persones que es proposin establir un hiperenlla\u00e7 pr\u00e8viament han de sol\u00b7licitar autoritzaci\u00f3 per escrit a KARTING SALOU, S.A. En tot cas, l&#8217;hiperenlla\u00e7 \u00fanicament permetr\u00e0 l&#8217;acc\u00e9s a la p\u00e0gina web o p\u00e0gina d&#8217;inici del nostre lloc web, aix\u00ed mateix s&#8217;haur\u00e0 d&#8217;abstenir de fer manifestacions o indicacions falses, inexactes o incorrectes sobre KARTING SALOU, SA o incloure continguts il\u00b7l\u00edcits, contraris a bons costums ia l&#8217;ordre p\u00fablic. KARTING SALOU, S.A no es responsabilitza de l&#8217;establiment d&#8217;hipervincles per part de tercers.<\/p>\n<p>Aix\u00ed mateix, KARTING SALOU, S.A declina qualsevol responsabilitat respecte a la informaci\u00f3 que estigui fora d&#8217;aquesta web i no sigui gestionada directament pel nostre webmaster. La funci\u00f3 dels links que apareixen en aquesta web \u00e9s exclusivament informar l&#8217;usuari sobre l&#8217;exist\u00e8ncia d&#8217;altres fonts susceptibles d&#8217;ampliar els continguts que ofereix aquest lloc web KARTING SALOU, S.A. no garanteix ni es responsabilitza del funcionament o accessibilitat dels llocs enlla\u00e7ats; ni suggereix, convida o recomana la visita a aquests, per la qual cosa tampoc ser\u00e0 responsable del resultat obtingut.[\/et_pb_text][\/et_pb_column]\n\t\t\t[\/et_pb_row]\n\t\t[\/et_pb_section]\n","protected":false},"excerpt":{"rendered":"<p>1. OBJECTE I ACCEPTACI\u00d3: Aquest av\u00eds legal regula l&#8217;\u00fas del lloc web www. kartingsalou.com\u00a0 (d&#8217;ara endavant, LA WEB), del qual \u00e9s titular KARTING SALOU, S.A. La navegaci\u00f3 pel lloc web de KARTING SALOU, S.A. t&#8217;atribueix la condici\u00f3 d&#8217;usuari i implica l&#8217;acceptaci\u00f3 plena i sense reserves de totes i cadascuna de les disposicions incloses en aquest [&hellip;]<\/p>\n","protected":false},"author":1,"featured_media":0,"parent":0,"menu_order":0,"comment_status":"closed","ping_status":"closed","template":"","meta":{"_et_pb_use_builder":"on","_et_pb_old_content":"<ul>\r\n \t<li><strong>1. OBJECTE I ACCEPTACI\u00d3<\/strong>:<\/li>\r\n<\/ul>\r\nAquest av\u00eds legal regula l'\u00fas del lloc web www. kartingsalou.com\u00a0 (d'ara endavant, LA WEB), del qual \u00e9s titular KARTING SALOU, S.A.\r\n\r\nLa navegaci\u00f3 pel lloc web de KARTING SALOU, S.A. t'atribueix la condici\u00f3 d'usuari i implica l'acceptaci\u00f3 plena i sense reserves de totes i cadascuna de les disposicions incloses en aquest Av\u00eds Legal, que poden patir modificacions.\r\n\r\nAquesta navegaci\u00f3 us obliga a fer un \u00fas correcte del lloc web de conformitat amb les lleis, la bona fe, l'ordre p\u00fablic, els usos del tr\u00e0nsit i el present Av\u00eds Legal, en cas contrari respondr\u00e0s davant KARTING SALOU, SA o davant de tercers , de qualssevol danys i perjudicis que poguessin causar-se com a conseq\u00fc\u00e8ncia de l'incompliment de la dita obligaci\u00f3.\r\n\r\nKARTING SALOU, SA podr\u00e0 utilitzar cookies durant la prestaci\u00f3 de serveis del lloc web. Les cookies s\u00f3n fitxers f\u00edsics d'informaci\u00f3 personal allotjats al mateix terminal de l'usuari. Teniu la possibilitat de configurar el vostre programa navegador de manera que s'impedeixi la creaci\u00f3 de fitxers galeta o se n'adverteixi.\r\n<ul>\r\n \t<li><strong>2. IDENTIFICACI\u00d3 I COMUNICACIONS:<\/strong><\/li>\r\n<\/ul>\r\nKARTING SALOU, S.A., en compliment de la Llei 34\/2002, d'11 de juliol, de serveis de la societat de la informaci\u00f3 i de comer\u00e7 electr\u00f2nic, us informa que:\r\n\r\nLa seva denominaci\u00f3 social \u00e9s: KARTING SALOU, S.A\r\n\r\nEl CIF\/NIF\/NIE \u00e9s: A-43054881\r\n\r\nEl seu domicili social \u00e9s a: Autovia Reus-Salou, Km. 2,1 (Tarragona), Espanya.\r\n\r\nTotes les notificacions i comunicacions entre els usuaris i EL PROPIETARI DE LA WEB es consideraran eficaces, amb car\u00e0cter general, quan es realitzin a trav\u00e9s de correu postal o qualsevol altre mitj\u00e0 dels detallats a la pr\u00f2pia WEB.\r\n\r\n&nbsp;\r\n<ul>\r\n \t<li><strong>3. CONDICIONS D'ACC\u00c9S I UTILITZACI\u00d3:<\/strong><\/li>\r\n<\/ul>\r\nEl lloc web i els seus serveis s\u00f3n d'acc\u00e9s lliure i gratu\u00eft, per\u00f2 KARTING SALOU, S.A condiciona la utilitzaci\u00f3 d'alguns dels serveis oferts a la seva web a l'emplenament previ del corresponent formulari. L'acc\u00e9s a determinats serveis s\u00f3n exclusius per als nostres clients, per aix\u00f2 s'exigeix \u200b\u200bel registre previ i l'acceptaci\u00f3 de les condicions d'\u00fas.\r\n\r\nEn registrar-te com a usuari, respons de l'autenticitat i l'actualitat de totes aquelles dades que comuniquis a KARTING SALOU, S.A. i ser\u00e0s l'\u00fanic responsable de les manifestacions falses o inexactes que facis, aix\u00ed com et compromets expressament a fer un \u00fas adequat i \u00e8tic dels continguts i serveis de KARTING SALOU, S.A.\r\n\r\nTots els continguts del lloc web, com ara textos, fotografies, gr\u00e0fics, imatges, icones, tecnologia, programari, aix\u00ed com el seu disseny gr\u00e0fic i codis font, totes les marques, noms comercials o signes distintius de qualsevol classe, aix\u00ed com el disseny de la p\u00e0gina constitueixen una obra la propietat de la qual pertany a KARTING SALOU, S.A., sense que es pugui entendre que l'\u00fas o acc\u00e9s a aquest atribueixi a l'usuari cap dret sobre aquests ni es puguin entendre cedits a l'usuari cap dels drets d'explotaci\u00f3 sobre aquests.\r\n\r\nLa distribuci\u00f3, la modificaci\u00f3, la cessi\u00f3 o la comunicaci\u00f3 p\u00fablica dels continguts i qualsevol altre acte que no hagi estat expressament autoritzat pel titular dels drets d'explotaci\u00f3 queden prohibits.\r\n\r\n&nbsp;\r\n<ul>\r\n \t<li><strong>4. EXCLUSI\u00d3 DE GARANTIES I DE RESPONSABILITAT:<\/strong> KARTING SALOU, S.A. no es responsabilitza de:<\/li>\r\n<\/ul>\r\n- L'\u00fas que cada usuari doni als materials posats a disposici\u00f3 en aquest lloc web ni de les actuacions que realitzi sobre la base d'aquests.\r\n\r\n- La pres\u00e8ncia de virus o d'altres elements en els continguts que puguin produir alteracions als sistemes inform\u00e0tics, documents electr\u00f2nics o dades dels usuaris.\r\n\r\n- L'incompliment de les lleis, la bona fe, l'ordre p\u00fablic, els usos del tr\u00e0nsit i aquest av\u00eds legal com a conseq\u00fc\u00e8ncia de l'\u00fas incorrecte del lloc web.\r\n\r\n- De les actuacions de tercers que vulnerin drets de propietat intel\u00b7lectual i industrial, secrets empresarials, drets a l'honor, a la intimitat personal i familiar ia la pr\u00f2pia imatge, aix\u00ed com la normativa en mat\u00e8ria de compet\u00e8ncia deslleial i publicitat il\u00b7l\u00edcita.\r\n\r\n- L\u201festabliment d\u201fun hiperenlla\u00e7 no implica en cap cas l\u201fexist\u00e8ncia de relacions entre KARTING SALOU, S.A. i el propietari del lloc web on s'estableixi, ni l'acceptaci\u00f3 i aprovaci\u00f3 per part de KARTING SALOU, S.A. dels seus continguts o serveis. Aquelles persones que es proposin establir un hiperenlla\u00e7 pr\u00e8viament han de sol\u00b7licitar autoritzaci\u00f3 per escrit a KARTING SALOU, S.A. En tot cas, l'hiperenlla\u00e7 \u00fanicament permetr\u00e0 l'acc\u00e9s a la p\u00e0gina web o p\u00e0gina d'inici del nostre lloc web, aix\u00ed mateix s'haur\u00e0 d'abstenir de fer manifestacions o indicacions falses, inexactes o incorrectes sobre KARTING SALOU, SA o incloure continguts il\u00b7l\u00edcits, contraris a bons costums ia l'ordre p\u00fablic. KARTING SALOU, S.A no es responsabilitza de l'establiment d'hipervincles per part de tercers.\r\n\r\nAix\u00ed mateix, KARTING SALOU, S.A declina qualsevol responsabilitat respecte a la informaci\u00f3 que estigui fora d'aquesta web i no sigui gestionada directament pel nostre webmaster. La funci\u00f3 dels links que apareixen en aquesta web \u00e9s exclusivament informar l'usuari sobre l'exist\u00e8ncia d'altres fonts susceptibles d'ampliar els continguts que ofereix aquest lloc web KARTING SALOU, S.A. no garanteix ni es responsabilitza del funcionament o accessibilitat dels llocs enlla\u00e7ats; ni suggereix, convida o recomana la visita a aquests, per la qual cosa tampoc ser\u00e0 responsable del resultat obtingut.","_et_gb_content_width":"","footnotes":""},"class_list":["post-4621","page","type-page","status-publish","hentry"],"yoast_head":"<!-- This site is optimized with the Yoast SEO plugin v27.1.1 - https:\/\/yoast.com\/product\/yoast-seo-wordpress\/ -->\n<title>AVIS LEGAL - Karting Salou | Karting en Tarragona | Cumplea\u00f1os, Eventos\u200e y mucho m\u00e1s!<\/title>\n<meta name=\"robots\" content=\"index, follow, max-snippet:-1, max-image-preview:large, max-video-preview:-1\" \/>\n<link rel=\"canonical\" href=\"https:\/\/kartingsalou.com\/ca\/aviso-legal\/\" \/>\n<meta property=\"og:locale\" content=\"ca_ES\" \/>\n<meta property=\"og:type\" content=\"article\" \/>\n<meta property=\"og:title\" content=\"AVIS LEGAL - Karting Salou | Karting en Tarragona | Cumplea\u00f1os, Eventos\u200e y mucho m\u00e1s!\" \/>\n<meta property=\"og:description\" content=\"1. OBJECTE I ACCEPTACI\u00d3: Aquest av\u00eds legal regula l&#039;\u00fas del lloc web www. kartingsalou.com\u00a0 (d&#039;ara endavant, LA WEB), del qual \u00e9s titular KARTING SALOU, S.A. La navegaci\u00f3 pel lloc web de KARTING SALOU, S.A. t&#039;atribueix la condici\u00f3 d&#039;usuari i implica l&#039;acceptaci\u00f3 plena i sense reserves de totes i cadascuna de les disposicions incloses en aquest [&hellip;]\" \/>\n<meta property=\"og:url\" content=\"https:\/\/kartingsalou.com\/ca\/aviso-legal\/\" \/>\n<meta property=\"og:site_name\" content=\"Karting Salou | Karting en Tarragona | Cumplea\u00f1os, Eventos\u200e y mucho m\u00e1s!\" \/>\n<meta property=\"article:publisher\" content=\"https:\/\/www.facebook.com\/kartingsalou\/\" \/>\n<meta property=\"article:modified_time\" content=\"2023-10-03T14:15:57+00:00\" \/>\n<meta property=\"og:image\" content=\"https:\/\/kartingsalou.com\/wp-content\/uploads\/2024\/06\/DSC6626-scaled.jpg\" \/>\n\t<meta property=\"og:image:width\" content=\"1710\" \/>\n\t<meta property=\"og:image:height\" content=\"2560\" \/>\n\t<meta property=\"og:image:type\" content=\"image\/jpeg\" \/>\n<meta name=\"twitter:label1\" content=\"Temps estimat de lectura\" \/>\n\t<meta name=\"twitter:data1\" content=\"4 minuts\" \/>\n<script type=\"application\/ld+json\" class=\"yoast-schema-graph\">{\"@context\":\"https:\/\/schema.org\",\"@graph\":[{\"@type\":\"WebPage\",\"@id\":\"https:\/\/kartingsalou.com\/ca\/aviso-legal\/\",\"url\":\"https:\/\/kartingsalou.com\/ca\/aviso-legal\/\",\"name\":\"AVIS LEGAL - Karting Salou | Karting en Tarragona | Cumplea\u00f1os, Eventos\u200e y mucho m\u00e1s!\",\"isPartOf\":{\"@id\":\"https:\/\/kartingsalou.com\/#website\"},\"datePublished\":\"2023-01-12T00:55:51+00:00\",\"dateModified\":\"2023-10-03T14:15:57+00:00\",\"breadcrumb\":{\"@id\":\"https:\/\/kartingsalou.com\/ca\/aviso-legal\/#breadcrumb\"},\"inLanguage\":\"ca\",\"potentialAction\":[{\"@type\":\"ReadAction\",\"target\":[\"https:\/\/kartingsalou.com\/ca\/aviso-legal\/\"]}]},{\"@type\":\"BreadcrumbList\",\"@id\":\"https:\/\/kartingsalou.com\/ca\/aviso-legal\/#breadcrumb\",\"itemListElement\":[{\"@type\":\"ListItem\",\"position\":1,\"name\":\"Portada\",\"item\":\"https:\/\/kartingsalou.com\/\"},{\"@type\":\"ListItem\",\"position\":2,\"name\":\"AVIS LEGAL\"}]},{\"@type\":\"WebSite\",\"@id\":\"https:\/\/kartingsalou.com\/#website\",\"url\":\"https:\/\/kartingsalou.com\/\",\"name\":\"Karting Salou | Karting en Tarragona | Cumplea\u00f1os, Eventos\u200e y mucho m\u00e1s!\",\"description\":\"Uno de los Mejores Circuitos de Karting de Europa. Eventos, Cumplea\u00f1os. Eventos Para Empresas, \u00a1Ven a Disfrutar! Parking Gratuito. Para Todos los P\u00fablicos. Celebraciones de Eventos. Bus Gratis.\",\"publisher\":{\"@id\":\"https:\/\/kartingsalou.com\/#organization\"},\"alternateName\":\"Karts Salou\",\"potentialAction\":[{\"@type\":\"SearchAction\",\"target\":{\"@type\":\"EntryPoint\",\"urlTemplate\":\"https:\/\/kartingsalou.com\/?s={search_term_string}\"},\"query-input\":{\"@type\":\"PropertyValueSpecification\",\"valueRequired\":true,\"valueName\":\"search_term_string\"}}],\"inLanguage\":\"ca\"},{\"@type\":\"Organization\",\"@id\":\"https:\/\/kartingsalou.com\/#organization\",\"name\":\"Karting Salou | Karting en Tarragona | Cumplea\u00f1os, Eventos\u200e y mucho m\u00e1s!\",\"url\":\"https:\/\/kartingsalou.com\/\",\"logo\":{\"@type\":\"ImageObject\",\"inLanguage\":\"ca\",\"@id\":\"https:\/\/kartingsalou.com\/#\/schema\/logo\/image\/\",\"url\":\"https:\/\/kartingsalou.com\/wp-content\/uploads\/2024\/06\/Logo.jpg\",\"contentUrl\":\"https:\/\/kartingsalou.com\/wp-content\/uploads\/2024\/06\/Logo.jpg\",\"width\":1032,\"height\":415,\"caption\":\"Karting Salou | Karting en Tarragona | Cumplea\u00f1os, Eventos\u200e y mucho m\u00e1s!\"},\"image\":{\"@id\":\"https:\/\/kartingsalou.com\/#\/schema\/logo\/image\/\"},\"sameAs\":[\"https:\/\/www.facebook.com\/kartingsalou\/\",\"https:\/\/x.com\/saloukarting\",\"https:\/\/www.instagram.com\/kartingsalou\/?hl=es\"]}]}<\/script>\n<!-- \/ Yoast SEO plugin. -->","yoast_head_json":{"title":"AVIS LEGAL - Karting Salou | Karting en Tarragona | Cumplea\u00f1os, Eventos\u200e y mucho m\u00e1s!","robots":{"index":"index","follow":"follow","max-snippet":"max-snippet:-1","max-image-preview":"max-image-preview:large","max-video-preview":"max-video-preview:-1"},"canonical":"https:\/\/kartingsalou.com\/ca\/aviso-legal\/","og_locale":"ca_ES","og_type":"article","og_title":"AVIS LEGAL - Karting Salou | Karting en Tarragona | Cumplea\u00f1os, Eventos\u200e y mucho m\u00e1s!","og_description":"1. OBJECTE I ACCEPTACI\u00d3: Aquest av\u00eds legal regula l'\u00fas del lloc web www. kartingsalou.com\u00a0 (d'ara endavant, LA WEB), del qual \u00e9s titular KARTING SALOU, S.A. La navegaci\u00f3 pel lloc web de KARTING SALOU, S.A. t'atribueix la condici\u00f3 d'usuari i implica l'acceptaci\u00f3 plena i sense reserves de totes i cadascuna de les disposicions incloses en aquest [&hellip;]","og_url":"https:\/\/kartingsalou.com\/ca\/aviso-legal\/","og_site_name":"Karting Salou | Karting en Tarragona | Cumplea\u00f1os, Eventos\u200e y mucho m\u00e1s!","article_publisher":"https:\/\/www.facebook.com\/kartingsalou\/","article_modified_time":"2023-10-03T14:15:57+00:00","og_image":[{"width":1710,"height":2560,"url":"https:\/\/kartingsalou.com\/wp-content\/uploads\/2024\/06\/DSC6626-scaled.jpg","type":"image\/jpeg"}],"twitter_misc":{"Temps estimat de lectura":"4 minuts"},"schema":{"@context":"https:\/\/schema.org","@graph":[{"@type":"WebPage","@id":"https:\/\/kartingsalou.com\/ca\/aviso-legal\/","url":"https:\/\/kartingsalou.com\/ca\/aviso-legal\/","name":"AVIS LEGAL - Karting Salou | Karting en Tarragona | Cumplea\u00f1os, Eventos\u200e y mucho m\u00e1s!","isPartOf":{"@id":"https:\/\/kartingsalou.com\/#website"},"datePublished":"2023-01-12T00:55:51+00:00","dateModified":"2023-10-03T14:15:57+00:00","breadcrumb":{"@id":"https:\/\/kartingsalou.com\/ca\/aviso-legal\/#breadcrumb"},"inLanguage":"ca","potentialAction":[{"@type":"ReadAction","target":["https:\/\/kartingsalou.com\/ca\/aviso-legal\/"]}]},{"@type":"BreadcrumbList","@id":"https:\/\/kartingsalou.com\/ca\/aviso-legal\/#breadcrumb","itemListElement":[{"@type":"ListItem","position":1,"name":"Portada","item":"https:\/\/kartingsalou.com\/"},{"@type":"ListItem","position":2,"name":"AVIS LEGAL"}]},{"@type":"WebSite","@id":"https:\/\/kartingsalou.com\/#website","url":"https:\/\/kartingsalou.com\/","name":"Karting Salou | Karting en Tarragona | Cumplea\u00f1os, Eventos\u200e y mucho m\u00e1s!","description":"Uno de los Mejores Circuitos de Karting de Europa. Eventos, Cumplea\u00f1os. Eventos Para Empresas, \u00a1Ven a Disfrutar! Parking Gratuito. Para Todos los P\u00fablicos. Celebraciones de Eventos. Bus Gratis.","publisher":{"@id":"https:\/\/kartingsalou.com\/#organization"},"alternateName":"Karts Salou","potentialAction":[{"@type":"SearchAction","target":{"@type":"EntryPoint","urlTemplate":"https:\/\/kartingsalou.com\/?s={search_term_string}"},"query-input":{"@type":"PropertyValueSpecification","valueRequired":true,"valueName":"search_term_string"}}],"inLanguage":"ca"},{"@type":"Organization","@id":"https:\/\/kartingsalou.com\/#organization","name":"Karting Salou | Karting en Tarragona | Cumplea\u00f1os, Eventos\u200e y mucho m\u00e1s!","url":"https:\/\/kartingsalou.com\/","logo":{"@type":"ImageObject","inLanguage":"ca","@id":"https:\/\/kartingsalou.com\/#\/schema\/logo\/image\/","url":"https:\/\/kartingsalou.com\/wp-content\/uploads\/2024\/06\/Logo.jpg","contentUrl":"https:\/\/kartingsalou.com\/wp-content\/uploads\/2024\/06\/Logo.jpg","width":1032,"height":415,"caption":"Karting Salou | Karting en Tarragona | Cumplea\u00f1os, Eventos\u200e y mucho m\u00e1s!"},"image":{"@id":"https:\/\/kartingsalou.com\/#\/schema\/logo\/image\/"},"sameAs":["https:\/\/www.facebook.com\/kartingsalou\/","https:\/\/x.com\/saloukarting","https:\/\/www.instagram.com\/kartingsalou\/?hl=es"]}]}},"_links":{"self":[{"href":"https:\/\/kartingsalou.com\/ca\/wp-json\/wp\/v2\/pages\/4621","targetHints":{"allow":["GET"]}}],"collection":[{"href":"https:\/\/kartingsalou.com\/ca\/wp-json\/wp\/v2\/pages"}],"about":[{"href":"https:\/\/kartingsalou.com\/ca\/wp-json\/wp\/v2\/types\/page"}],"author":[{"embeddable":true,"href":"https:\/\/kartingsalou.com\/ca\/wp-json\/wp\/v2\/users\/1"}],"replies":[{"embeddable":true,"href":"https:\/\/kartingsalou.com\/ca\/wp-json\/wp\/v2\/comments?post=4621"}],"version-history":[{"count":3,"href":"https:\/\/kartingsalou.com\/ca\/wp-json\/wp\/v2\/pages\/4621\/revisions"}],"predecessor-version":[{"id":5836,"href":"https:\/\/kartingsalou.com\/ca\/wp-json\/wp\/v2\/pages\/4621\/revisions\/5836"}],"wp:attachment":[{"href":"https:\/\/kartingsalou.com\/ca\/wp-json\/wp\/v2\/media?parent=4621"}],"curies":[{"name":"wp","href":"https:\/\/api.w.org\/{rel}","templated":true}]}}