{"id":4186,"date":"2022-10-06T08:57:16","date_gmt":"2022-10-06T08:57:16","guid":{"rendered":"https:\/\/kartingsalou.com\/celebraciones\/"},"modified":"2025-02-17T09:47:06","modified_gmt":"2025-02-17T07:47:06","slug":"celebracions","status":"publish","type":"page","link":"https:\/\/kartingsalou.com\/ca\/celebracions\/","title":{"rendered":"ANIVERSARIS"},"content":{"rendered":"[et_pb_section fb_built=&#8221;1&#8243; admin_label=&#8221;Hero Section&#8221; _builder_version=&#8221;4.18.0&#8243; use_background_color_gradient=&#8221;on&#8221; background_color_gradient_direction=&#8221;120deg&#8221; background_color_gradient_stops=&#8221;rgba(0,0,0,0.61) 0%|rgba(0,0,0,0) 100%&#8221; background_color_gradient_overlays_image=&#8221;on&#8221; background_color_gradient_start=&#8221;rgba(0,0,0,0.61)&#8221; background_color_gradient_end=&#8221;rgba(0,0,0,0)&#8221; background_image=&#8221;https:\/\/kartingsalou.com\/wp-content\/uploads\/2022\/10\/post-23.png&#8221; custom_padding=&#8221;2.8%||20px||false|false&#8221; border_color_bottom=&#8221;#fcd015&#8243; global_colors_info=&#8221;{}&#8221;][et_pb_row _builder_version=&#8221;4.16&#8243; _module_preset=&#8221;default&#8221; min_height=&#8221;103px&#8221; global_colors_info=&#8221;{}&#8221;][et_pb_column type=&#8221;4_4&#8243; _builder_version=&#8221;4.16&#8243; _module_preset=&#8221;default&#8221; global_colors_info=&#8221;{}&#8221;][et_pb_text admin_label=&#8221;Title&#8221; _builder_version=&#8221;4.27.4&#8243; text_font=&#8221;||||||||&#8221; header_font=&#8221;|600|||||||&#8221; header_font_size=&#8221;60px&#8221; header_line_height=&#8221;1.2em&#8221; header_2_font=&#8221;||||||||&#8221; background_layout=&#8221;dark&#8221; custom_margin=&#8221;||20px|&#8221; custom_padding=&#8221;|||&#8221; animation_style=&#8221;fade&#8221; hover_enabled=&#8221;0&#8243; header_font_size_tablet=&#8221;&#8221; header_font_size_phone=&#8221;30px&#8221; header_font_size_last_edited=&#8221;on|desktop&#8221; header_2_font_size_last_edited=&#8221;off|desktop&#8221; global_colors_info=&#8221;{}&#8221; sticky_enabled=&#8221;0&#8243;]\n<h1 style=\"text-align: center;\">ANIVERSARIS<\/h1>\n[\/et_pb_text][\/et_pb_column][\/et_pb_row][\/et_pb_section][et_pb_section fb_built=&#8221;1&#8243; _builder_version=&#8221;4.16&#8243; _module_preset=&#8221;default&#8221; background_color=&#8221;#DF2727&#8243; background_color_gradient_start=&#8221;#000000&#8243; background_color_gradient_end=&#8221;#e02b20&#8243; background_image=&#8221;https:\/\/kartingsalou.com\/wp-content\/uploads\/2022\/03\/fons.png&#8221; background_size=&#8221;contain&#8221; background_repeat=&#8221;repeat&#8221; background_blend=&#8221;overlay&#8221; custom_padding=&#8221;17px||95px|||&#8221; global_colors_info=&#8221;{}&#8221;][et_pb_row _builder_version=&#8221;4.19.4&#8243; _module_preset=&#8221;default&#8221; global_colors_info=&#8221;{}&#8221;][et_pb_column type=&#8221;4_4&#8243; _builder_version=&#8221;4.16&#8243; _module_preset=&#8221;default&#8221; global_colors_info=&#8221;{}&#8221;][et_pb_text admin_label=&#8221;Title&#8221; _builder_version=&#8221;4.18.0&#8243; text_font=&#8221;||||||||&#8221; header_font=&#8221;||||||||&#8221; header_2_font=&#8221;Poppins|600|||||||&#8221; header_2_text_align=&#8221;center&#8221; header_2_font_size=&#8221;36px&#8221; custom_margin=&#8221;||0px|&#8221; animation_style=&#8221;fade&#8221; hover_enabled=&#8221;0&#8243; global_colors_info=&#8221;{}&#8221; sticky_enabled=&#8221;0&#8243;]\n<h2 style=\"text-align: center;\"><span style=\"color: #ffffff;\">ANIVERSARIS JUNIOR<br \/><\/span><\/h2>\n[\/et_pb_text][\/et_pb_column][\/et_pb_row][et_pb_row column_structure=&#8221;1_2,1_2&#8243; use_custom_gutter=&#8221;on&#8221; gutter_width=&#8221;2&#8243; _builder_version=&#8221;4.18.0&#8243; max_width=&#8221;902px&#8221; custom_margin=&#8221;||||false|false&#8221; custom_padding=&#8221;||||false|false&#8221; use_custom_width=&#8221;on&#8221; custom_width_px=&#8221;1121px&#8221; global_colors_info=&#8221;{}&#8221;][et_pb_column type=&#8221;1_2&#8243; _builder_version=&#8221;4.16&#8243; custom_padding=&#8221;|||&#8221; global_colors_info=&#8221;{}&#8221; custom_padding__hover=&#8221;|||&#8221;][et_pb_image src=&#8221;https:\/\/kartingsalou.com\/wp-content\/uploads\/2023\/10\/ADULTOSD-1-1.jpg&#8221; title_text=&#8221;ADULTOSD-1-1&#8243; _builder_version=&#8221;4.22.2&#8243; _module_preset=&#8221;default&#8221; custom_margin=&#8221;||-6px|||&#8221; border_radii=&#8221;on|12px|12px|12px|12px&#8221; global_colors_info=&#8221;{}&#8221;][\/et_pb_image][\/et_pb_column][et_pb_column type=&#8221;1_2&#8243; _builder_version=&#8221;4.16&#8243; custom_padding=&#8221;|||&#8221; global_colors_info=&#8221;{}&#8221; custom_padding__hover=&#8221;|||&#8221;][et_pb_image src=&#8221;https:\/\/kartingsalou.com\/wp-content\/uploads\/2023\/10\/ADULTOS-1-1SS.jpg&#8221; title_text=&#8221;ADULTOS-1-1SS&#8221; _builder_version=&#8221;4.22.2&#8243; _module_preset=&#8221;default&#8221; custom_margin=&#8221;||-6px|||&#8221; border_radii=&#8221;on|12px|12px|12px|12px&#8221; global_colors_info=&#8221;{}&#8221;][\/et_pb_image][\/et_pb_column][\/et_pb_row][et_pb_row column_structure=&#8221;1_3,1_3,1_3&#8243; use_custom_gutter=&#8221;on&#8221; gutter_width=&#8221;2&#8243; _builder_version=&#8221;4.18.0&#8243; max_width=&#8221;1920px&#8221; custom_margin=&#8221;||||false|false&#8221; custom_padding=&#8221;||||false|false&#8221; use_custom_width=&#8221;on&#8221; custom_width_px=&#8221;1121px&#8221; global_colors_info=&#8221;{}&#8221;][et_pb_column type=&#8221;1_3&#8243; _builder_version=&#8221;4.16&#8243; custom_padding=&#8221;|||&#8221; global_colors_info=&#8221;{}&#8221; custom_padding__hover=&#8221;|||&#8221;][et_pb_pricing_tables featured_table_background_color=&#8221;#000000&#8243; featured_table_header_background_color=&#8221;#000000&#8243; featured_table_header_text_color=&#8221;#FFFFFF&#8221; header_background_color=&#8221;#FFFFFF&#8221; featured_table_text_color=&#8221;#FFFFFF&#8221; show_bullet=&#8221;off&#8221; featured_table_bullet_color=&#8221;#000000&#8243; featured_table_price_color=&#8221;#FFFFFF&#8221; featured_table_currency_frequency_text_color=&#8221;#FFFFFF&#8221; _builder_version=&#8221;4.27.4&#8243; currency_frequency_text_color=&#8221;#FFFFFF&#8221; body_text_color=&#8221;#FFFFFF&#8221; header_text_color=&#8221;#FFFFFF&#8221; header_level=&#8221;h4&#8243; price_font=&#8221;||||||||&#8221; custom_padding=&#8221;||||false|false&#8221; border_radii=&#8221;on|20px|20px|20px|20px&#8221; border_width_all=&#8221;0px&#8221; global_colors_info=&#8221;{}&#8221;][et_pb_pricing_table featured=&#8221;on&#8221; title=&#8221;SPRINT JUNIOR&#8221; subtitle=&#8221;15 \u20ac \/ m\u00ednim 10 tickets&#8221; button_url=&#8221;https:\/\/kartingsalou.com\/contacto\/&#8221; bullet_color=&#8221;RGBA(255,255,255,0)&#8221; _builder_version=&#8221;4.27.4&#8243; header_level=&#8221;h1&#8243; header_font=&#8221;|700|||||||&#8221; header_font_size=&#8221;40px&#8221; body_text_align=&#8221;center&#8221; subheader_font=&#8221;|700|on||||||&#8221; subheader_text_color=&#8221;#FFFFFF&#8221; subheader_font_size=&#8221;33px&#8221; price_font=&#8221;|700|||||||&#8221; price_font_size=&#8221;40px&#8221; custom_button=&#8221;on&#8221; button_text_size=&#8221;13px&#8221; button_text_color=&#8221;#FFFFFF&#8221; button_bg_color=&#8221;#000000&#8243; button_border_radius=&#8221;12px&#8221; subheader_text_shadow_style=&#8221;preset2&#8243; subheader_text_shadow_blur_strength=&#8221;0em&#8221; subheader_text_shadow_color=&#8221;#DF2727&#8243; global_colors_info=&#8221;{}&#8221; sticky_transition=&#8221;on&#8221;]\n<h3><span style=\"color: #ffffff;\"><strong>Briefing<\/strong><\/span><\/h3>\n<h3><span style=\"color: #ffffff;\">10 minuts de carrerA<\/span><span style=\"color: #ffffff;\"><\/span><\/h3>\n<h3><span style=\"color: #ffffff;\">10 MINUTS DE LLITS EL\u00c0STICS<\/span><\/h3>\n<h3><span style=\"color: #ffffff;\">MEDALLA PER QUI<\/span><span style=\"color: #ffffff;\"> COMPLEIX ANYS<\/span><\/h3>\n<p><span style=\"color: #ffffff;\"><\/span><\/p>\n<p><span style=\"color: #ffffff;\"><b>Nom\u00e9s per a celebracions amb reserva pr\u00e8via<\/b><\/span><\/p>\n<p><span style=\"color: #ffffff;\"><b>No hi ha classificaci\u00f3 final<\/b><\/span><\/p>\n<p><span style=\"color: #ffffff;\"><b>*Subjecte a disponibilitat en temporada alta*<\/b><\/span><\/p>\n[\/et_pb_pricing_table][\/et_pb_pricing_tables][\/et_pb_column][et_pb_column type=&#8221;1_3&#8243; _builder_version=&#8221;4.16&#8243; custom_padding=&#8221;|||&#8221; global_colors_info=&#8221;{}&#8221; custom_padding__hover=&#8221;|||&#8221;][et_pb_pricing_tables featured_table_background_color=&#8221;#000000&#8243; featured_table_header_background_color=&#8221;#000000&#8243; featured_table_header_text_color=&#8221;#FFFFFF&#8221; header_background_color=&#8221;#FFFFFF&#8221; featured_table_text_color=&#8221;#FFFFFF&#8221; show_bullet=&#8221;off&#8221; featured_table_bullet_color=&#8221;#000000&#8243; featured_table_price_color=&#8221;#FFFFFF&#8221; featured_table_currency_frequency_text_color=&#8221;#FFFFFF&#8221; _builder_version=&#8221;4.27.4&#8243; currency_frequency_text_color=&#8221;#FFFFFF&#8221; body_text_color=&#8221;#FFFFFF&#8221; header_text_color=&#8221;#FFFFFF&#8221; header_level=&#8221;h4&#8243; price_font=&#8221;||||||||&#8221; custom_padding=&#8221;||||false|false&#8221; border_radii=&#8221;on|20px|20px|20px|20px&#8221; border_width_all=&#8221;0px&#8221; global_colors_info=&#8221;{}&#8221;][et_pb_pricing_table featured=&#8221;on&#8221; title=&#8221;GRAND JUNIOR&#8221; subtitle=&#8221;20 \u20ac \/ m\u00ednim 10 tickets&#8221; button_url=&#8221;https:\/\/kartingsalou.com\/contacto\/&#8221; bullet_color=&#8221;RGBA(255,255,255,0)&#8221; _builder_version=&#8221;4.27.4&#8243; header_level=&#8221;h1&#8243; header_font=&#8221;|700|||||||&#8221; header_font_size=&#8221;40px&#8221; body_text_align=&#8221;center&#8221; subheader_font=&#8221;|700|on||||||&#8221; subheader_text_color=&#8221;#FFFFFF&#8221; subheader_font_size=&#8221;31px&#8221; price_font=&#8221;|700|||||||&#8221; price_font_size=&#8221;40px&#8221; custom_button=&#8221;on&#8221; button_text_size=&#8221;13px&#8221; button_text_color=&#8221;#FFFFFF&#8221; button_bg_color=&#8221;#000000&#8243; button_border_radius=&#8221;12px&#8221; subheader_text_shadow_style=&#8221;preset2&#8243; subheader_text_shadow_blur_strength=&#8221;0em&#8221; subheader_text_shadow_color=&#8221;#DF2727&#8243; global_colors_info=&#8221;{}&#8221; sticky_transition=&#8221;on&#8221;]\n<h3><span style=\"color: #ffffff;\"><strong>Briefing<\/strong><\/span><\/h3>\n<h3><span style=\"color: #ffffff;\">8 MINUTS d&#8217;escalfament<\/span><\/h3>\n<h3><span style=\"color: #ffffff;\">10 MINUtS DE CARRERA<\/span><\/h3>\n<h3><span style=\"color: #ffffff;\">10 MINUTS DE llits el\u00e0stics<\/span><\/h3>\n<h3><span style=\"color: #ffffff;\">MEDalla per qui compleix anys<\/span><\/h3>\n<p><span style=\"color: #ffffff;\">\u00a0<\/span><\/p>\n<p><span style=\"color: #ffffff;\"><b>Nom\u00e9s per a celebracions amb reserva pr\u00e8via<\/b><\/span><\/p>\n<p><span style=\"color: #ffffff;\"><b>No hi ha classificaci\u00f3 final<\/b><\/span><\/p>\n<p><span style=\"color: #ffffff;\"><b>*Subjecte a disponibilitat en temporada alta *<\/b><\/span><\/p>\n[\/et_pb_pricing_table][\/et_pb_pricing_tables][\/et_pb_column][et_pb_column type=&#8221;1_3&#8243; _builder_version=&#8221;4.16&#8243; custom_padding=&#8221;|||&#8221; global_colors_info=&#8221;{}&#8221; custom_padding__hover=&#8221;|||&#8221;][et_pb_pricing_tables featured_table_background_color=&#8221;#000000&#8243; featured_table_header_background_color=&#8221;#000000&#8243; featured_table_header_text_color=&#8221;#FFFFFF&#8221; header_background_color=&#8221;#FFFFFF&#8221; featured_table_text_color=&#8221;#FFFFFF&#8221; show_bullet=&#8221;off&#8221; featured_table_bullet_color=&#8221;#000000&#8243; featured_table_price_color=&#8221;#FFFFFF&#8221; featured_table_currency_frequency_text_color=&#8221;#FFFFFF&#8221; _builder_version=&#8221;4.27.4&#8243; currency_frequency_text_color=&#8221;#FFFFFF&#8221; body_text_color=&#8221;#FFFFFF&#8221; header_text_color=&#8221;#FFFFFF&#8221; header_level=&#8221;h3&#8243; header_font_size=&#8221;32px&#8221; price_font=&#8221;||||||||&#8221; custom_button=&#8221;on&#8221; button_text_size=&#8221;12px&#8221; button_text_color=&#8221;#FFFFFF&#8221; button_border_width=&#8221;2px&#8221; button_border_radius=&#8221;15px&#8221; custom_padding=&#8221;||||false|false&#8221; border_radii=&#8221;on|20px|20px|20px|20px&#8221; border_width_all=&#8221;0px&#8221; global_colors_info=&#8221;{}&#8221;][et_pb_pricing_table featured=&#8221;on&#8221; title=&#8221;MEN\u00da JUNIOR&#8221; subtitle=&#8221;8 \u20ac&#8221; button_url=&#8221;https:\/\/kartingsalou.com\/contacto\/&#8221; bullet_color=&#8221;RGBA(255,255,255,0)&#8221; _builder_version=&#8221;4.27.4&#8243; header_level=&#8221;h1&#8243; header_font=&#8221;|700|||||||&#8221; header_font_size=&#8221;40px&#8221; body_text_align=&#8221;center&#8221; subheader_font=&#8221;|700|on||||||&#8221; subheader_text_color=&#8221;#FFFFFF&#8221; subheader_font_size=&#8221;28px&#8221; price_font=&#8221;|700|||||||&#8221; price_font_size=&#8221;40px&#8221; custom_button=&#8221;on&#8221; button_text_size=&#8221;13px&#8221; button_text_color=&#8221;#FFFFFF&#8221; button_bg_color=&#8221;#000000&#8243; button_border_radius=&#8221;12px&#8221; subheader_text_shadow_style=&#8221;preset2&#8243; subheader_text_shadow_blur_strength=&#8221;0em&#8221; subheader_text_shadow_color=&#8221;#DF2727&#8243; global_colors_info=&#8221;{}&#8221; sticky_transition=&#8221;on&#8221;]\n<h3><span style=\"color: #ffffff;\"><strong>qu\u00e8 inclou?<\/strong><\/span><\/h3>\n<h3><span style=\"color: #ffffff;\">bikini, hot dog o hamburguesa<\/span><\/h3>\n<h3><span style=\"color: #ffffff;\">xips<\/span><\/h3>\n<h3><span style=\"color: #ffffff;\">aigua o refresc<\/span><\/h3>\n<h3><span style=\"color: #ffffff;\"><strong><\/strong><\/span><\/h3>\n<p><strong>Nom\u00e9s per a celebracions amb reserva pr\u00e8via<\/strong><\/p>\n<p><strong>*Subjecte a disponibilitat en temporada alta*<\/strong><\/p>\n[\/et_pb_pricing_table][\/et_pb_pricing_tables][\/et_pb_column][\/et_pb_row][et_pb_row _builder_version=&#8221;4.16&#8243; _module_preset=&#8221;default&#8221; global_colors_info=&#8221;{}&#8221;][et_pb_column type=&#8221;4_4&#8243; _builder_version=&#8221;4.16&#8243; _module_preset=&#8221;default&#8221; global_colors_info=&#8221;{}&#8221;][et_pb_text admin_label=&#8221;Title&#8221; _builder_version=&#8221;4.18.0&#8243; text_font=&#8221;||||||||&#8221; header_font=&#8221;||||||||&#8221; header_2_font=&#8221;Poppins|600|||||||&#8221; header_2_text_align=&#8221;center&#8221; header_2_font_size=&#8221;36px&#8221; header_2_line_height=&#8221;1.2em&#8221; text_orientation=&#8221;center&#8221; background_layout=&#8221;dark&#8221; max_width=&#8221;550px&#8221; module_alignment=&#8221;center&#8221; custom_margin=&#8221;||8px|||&#8221; custom_padding=&#8221;|||&#8221; animation_style=&#8221;fade&#8221; animation_direction=&#8221;top&#8221; global_colors_info=&#8221;{}&#8221;]\n<h4><span style=\"color: #ffffff;\"><strong>Preus per persona \/ no acumulable a altres ofertes<\/strong><\/span><\/h4>\n[\/et_pb_text][\/et_pb_column][\/et_pb_row][\/et_pb_section][et_pb_section fb_built=&#8221;1&#8243; admin_label=&#8221;Divider Section&#8221; _builder_version=&#8221;4.16&#8243; background_color=&#8221;#1e1d1c&#8221; custom_padding=&#8221;0px||0px|&#8221; global_colors_info=&#8221;{}&#8221;][et_pb_row admin_label=&#8221;Divider Area&#8221; _builder_version=&#8221;4.16&#8243; custom_padding=&#8221;0px||0px|&#8221; global_colors_info=&#8221;{}&#8221;][et_pb_column type=&#8221;4_4&#8243; _builder_version=&#8221;4.16&#8243; custom_padding=&#8221;|||&#8221; global_colors_info=&#8221;{}&#8221; custom_padding__hover=&#8221;|||&#8221;][et_pb_divider color=&#8221;rgba(255,255,255,0.12)&#8221; divider_position=&#8221;center&#8221; _builder_version=&#8221;4.16&#8243; height=&#8221;0px&#8221; global_colors_info=&#8221;{}&#8221;]\n[\/et_pb_divider][\/et_pb_column][\/et_pb_row][\/et_pb_section]\n","protected":false},"excerpt":{"rendered":"<p>ANIVERSARISANIVERSARIS JUNIORBriefing 10 minuts de carrerA 10 MINUTS DE LLITS EL\u00c0STICS MEDALLA PER QUI COMPLEIX ANYS Nom\u00e9s per a celebracions amb reserva pr\u00e8via No hi ha classificaci\u00f3 final *Subjecte a disponibilitat en temporada alta*Briefing 8 MINUTS d&#8217;escalfament 10 MINUtS DE CARRERA 10 MINUTS DE llits el\u00e0stics MEDalla per qui compleix anys \u00a0 Nom\u00e9s per a [&hellip;]<\/p>\n","protected":false},"author":1,"featured_media":0,"parent":0,"menu_order":0,"comment_status":"closed","ping_status":"closed","template":"","meta":{"_et_pb_use_builder":"on","_et_pb_old_content":"","_et_gb_content_width":"","footnotes":""},"class_list":["post-4186","page","type-page","status-publish","hentry"],"yoast_head":"<!-- This site is optimized with the Yoast SEO plugin v27.1.1 - https:\/\/yoast.com\/product\/yoast-seo-wordpress\/ -->\n<title>ANIVERSARIS - Karting Salou | Karting en Tarragona | Cumplea\u00f1os, Eventos\u200e y mucho m\u00e1s!<\/title>\n<meta name=\"robots\" content=\"index, follow, max-snippet:-1, max-image-preview:large, max-video-preview:-1\" \/>\n<link rel=\"canonical\" href=\"https:\/\/kartingsalou.com\/ca\/celebracions\/\" \/>\n<meta property=\"og:locale\" content=\"ca_ES\" \/>\n<meta property=\"og:type\" content=\"article\" \/>\n<meta property=\"og:title\" content=\"ANIVERSARIS - Karting Salou | Karting en Tarragona | Cumplea\u00f1os, Eventos\u200e y mucho m\u00e1s!\" \/>\n<meta property=\"og:description\" content=\"ANIVERSARISANIVERSARIS JUNIORBriefing 10 minuts de carrerA 10 MINUTS DE LLITS EL\u00c0STICS MEDALLA PER QUI COMPLEIX ANYS Nom\u00e9s per a celebracions amb reserva pr\u00e8via No hi ha classificaci\u00f3 final *Subjecte a disponibilitat en temporada alta*Briefing 8 MINUTS d&#039;escalfament 10 MINUtS DE CARRERA 10 MINUTS DE llits el\u00e0stics MEDalla per qui compleix anys \u00a0 Nom\u00e9s per a [&hellip;]\" \/>\n<meta property=\"og:url\" content=\"https:\/\/kartingsalou.com\/ca\/celebracions\/\" \/>\n<meta property=\"og:site_name\" content=\"Karting Salou | Karting en Tarragona | Cumplea\u00f1os, Eventos\u200e y mucho m\u00e1s!\" \/>\n<meta property=\"article:publisher\" content=\"https:\/\/www.facebook.com\/kartingsalou\/\" \/>\n<meta property=\"article:modified_time\" content=\"2025-02-17T07:47:06+00:00\" \/>\n<meta property=\"og:image\" content=\"https:\/\/kartingsalou.com\/wp-content\/uploads\/2024\/06\/DSC6626-scaled.jpg\" \/>\n\t<meta property=\"og:image:width\" content=\"1710\" \/>\n\t<meta property=\"og:image:height\" content=\"2560\" \/>\n\t<meta property=\"og:image:type\" content=\"image\/jpeg\" \/>\n<meta name=\"twitter:label1\" content=\"Temps estimat de lectura\" \/>\n\t<meta name=\"twitter:data1\" content=\"2 minuts\" \/>\n<script type=\"application\/ld+json\" class=\"yoast-schema-graph\">{\"@context\":\"https:\/\/schema.org\",\"@graph\":[{\"@type\":\"WebPage\",\"@id\":\"https:\/\/kartingsalou.com\/ca\/celebracions\/\",\"url\":\"https:\/\/kartingsalou.com\/ca\/celebracions\/\",\"name\":\"ANIVERSARIS - Karting Salou | Karting en Tarragona | Cumplea\u00f1os, Eventos\u200e y mucho m\u00e1s!\",\"isPartOf\":{\"@id\":\"https:\/\/kartingsalou.com\/#website\"},\"datePublished\":\"2022-10-06T08:57:16+00:00\",\"dateModified\":\"2025-02-17T07:47:06+00:00\",\"breadcrumb\":{\"@id\":\"https:\/\/kartingsalou.com\/ca\/celebracions\/#breadcrumb\"},\"inLanguage\":\"ca\",\"potentialAction\":[{\"@type\":\"ReadAction\",\"target\":[\"https:\/\/kartingsalou.com\/ca\/celebracions\/\"]}]},{\"@type\":\"BreadcrumbList\",\"@id\":\"https:\/\/kartingsalou.com\/ca\/celebracions\/#breadcrumb\",\"itemListElement\":[{\"@type\":\"ListItem\",\"position\":1,\"name\":\"Portada\",\"item\":\"https:\/\/kartingsalou.com\/\"},{\"@type\":\"ListItem\",\"position\":2,\"name\":\"ANIVERSARIS\"}]},{\"@type\":\"WebSite\",\"@id\":\"https:\/\/kartingsalou.com\/#website\",\"url\":\"https:\/\/kartingsalou.com\/\",\"name\":\"Karting Salou | Karting en Tarragona | Cumplea\u00f1os, Eventos\u200e y mucho m\u00e1s!\",\"description\":\"Uno de los Mejores Circuitos de Karting de Europa. Eventos, Cumplea\u00f1os. Eventos Para Empresas, \u00a1Ven a Disfrutar! Parking Gratuito. Para Todos los P\u00fablicos. Celebraciones de Eventos. Bus Gratis.\",\"publisher\":{\"@id\":\"https:\/\/kartingsalou.com\/#organization\"},\"alternateName\":\"Karts Salou\",\"potentialAction\":[{\"@type\":\"SearchAction\",\"target\":{\"@type\":\"EntryPoint\",\"urlTemplate\":\"https:\/\/kartingsalou.com\/?s={search_term_string}\"},\"query-input\":{\"@type\":\"PropertyValueSpecification\",\"valueRequired\":true,\"valueName\":\"search_term_string\"}}],\"inLanguage\":\"ca\"},{\"@type\":\"Organization\",\"@id\":\"https:\/\/kartingsalou.com\/#organization\",\"name\":\"Karting Salou | Karting en Tarragona | Cumplea\u00f1os, Eventos\u200e y mucho m\u00e1s!\",\"url\":\"https:\/\/kartingsalou.com\/\",\"logo\":{\"@type\":\"ImageObject\",\"inLanguage\":\"ca\",\"@id\":\"https:\/\/kartingsalou.com\/#\/schema\/logo\/image\/\",\"url\":\"https:\/\/kartingsalou.com\/wp-content\/uploads\/2024\/06\/Logo.jpg\",\"contentUrl\":\"https:\/\/kartingsalou.com\/wp-content\/uploads\/2024\/06\/Logo.jpg\",\"width\":1032,\"height\":415,\"caption\":\"Karting Salou | Karting en Tarragona | Cumplea\u00f1os, Eventos\u200e y mucho m\u00e1s!\"},\"image\":{\"@id\":\"https:\/\/kartingsalou.com\/#\/schema\/logo\/image\/\"},\"sameAs\":[\"https:\/\/www.facebook.com\/kartingsalou\/\",\"https:\/\/x.com\/saloukarting\",\"https:\/\/www.instagram.com\/kartingsalou\/?hl=es\"]}]}<\/script>\n<!-- \/ Yoast SEO plugin. -->","yoast_head_json":{"title":"ANIVERSARIS - Karting Salou | Karting en Tarragona | Cumplea\u00f1os, Eventos\u200e y mucho m\u00e1s!","robots":{"index":"index","follow":"follow","max-snippet":"max-snippet:-1","max-image-preview":"max-image-preview:large","max-video-preview":"max-video-preview:-1"},"canonical":"https:\/\/kartingsalou.com\/ca\/celebracions\/","og_locale":"ca_ES","og_type":"article","og_title":"ANIVERSARIS - Karting Salou | Karting en Tarragona | Cumplea\u00f1os, Eventos\u200e y mucho m\u00e1s!","og_description":"ANIVERSARISANIVERSARIS JUNIORBriefing 10 minuts de carrerA 10 MINUTS DE LLITS EL\u00c0STICS MEDALLA PER QUI COMPLEIX ANYS Nom\u00e9s per a celebracions amb reserva pr\u00e8via No hi ha classificaci\u00f3 final *Subjecte a disponibilitat en temporada alta*Briefing 8 MINUTS d'escalfament 10 MINUtS DE CARRERA 10 MINUTS DE llits el\u00e0stics MEDalla per qui compleix anys \u00a0 Nom\u00e9s per a [&hellip;]","og_url":"https:\/\/kartingsalou.com\/ca\/celebracions\/","og_site_name":"Karting Salou | Karting en Tarragona | Cumplea\u00f1os, Eventos\u200e y mucho m\u00e1s!","article_publisher":"https:\/\/www.facebook.com\/kartingsalou\/","article_modified_time":"2025-02-17T07:47:06+00:00","og_image":[{"width":1710,"height":2560,"url":"https:\/\/kartingsalou.com\/wp-content\/uploads\/2024\/06\/DSC6626-scaled.jpg","type":"image\/jpeg"}],"twitter_misc":{"Temps estimat de lectura":"2 minuts"},"schema":{"@context":"https:\/\/schema.org","@graph":[{"@type":"WebPage","@id":"https:\/\/kartingsalou.com\/ca\/celebracions\/","url":"https:\/\/kartingsalou.com\/ca\/celebracions\/","name":"ANIVERSARIS - Karting Salou | Karting en Tarragona | Cumplea\u00f1os, Eventos\u200e y mucho m\u00e1s!","isPartOf":{"@id":"https:\/\/kartingsalou.com\/#website"},"datePublished":"2022-10-06T08:57:16+00:00","dateModified":"2025-02-17T07:47:06+00:00","breadcrumb":{"@id":"https:\/\/kartingsalou.com\/ca\/celebracions\/#breadcrumb"},"inLanguage":"ca","potentialAction":[{"@type":"ReadAction","target":["https:\/\/kartingsalou.com\/ca\/celebracions\/"]}]},{"@type":"BreadcrumbList","@id":"https:\/\/kartingsalou.com\/ca\/celebracions\/#breadcrumb","itemListElement":[{"@type":"ListItem","position":1,"name":"Portada","item":"https:\/\/kartingsalou.com\/"},{"@type":"ListItem","position":2,"name":"ANIVERSARIS"}]},{"@type":"WebSite","@id":"https:\/\/kartingsalou.com\/#website","url":"https:\/\/kartingsalou.com\/","name":"Karting Salou | Karting en Tarragona | Cumplea\u00f1os, Eventos\u200e y mucho m\u00e1s!","description":"Uno de los Mejores Circuitos de Karting de Europa. Eventos, Cumplea\u00f1os. Eventos Para Empresas, \u00a1Ven a Disfrutar! Parking Gratuito. Para Todos los P\u00fablicos. Celebraciones de Eventos. Bus Gratis.","publisher":{"@id":"https:\/\/kartingsalou.com\/#organization"},"alternateName":"Karts Salou","potentialAction":[{"@type":"SearchAction","target":{"@type":"EntryPoint","urlTemplate":"https:\/\/kartingsalou.com\/?s={search_term_string}"},"query-input":{"@type":"PropertyValueSpecification","valueRequired":true,"valueName":"search_term_string"}}],"inLanguage":"ca"},{"@type":"Organization","@id":"https:\/\/kartingsalou.com\/#organization","name":"Karting Salou | Karting en Tarragona | Cumplea\u00f1os, Eventos\u200e y mucho m\u00e1s!","url":"https:\/\/kartingsalou.com\/","logo":{"@type":"ImageObject","inLanguage":"ca","@id":"https:\/\/kartingsalou.com\/#\/schema\/logo\/image\/","url":"https:\/\/kartingsalou.com\/wp-content\/uploads\/2024\/06\/Logo.jpg","contentUrl":"https:\/\/kartingsalou.com\/wp-content\/uploads\/2024\/06\/Logo.jpg","width":1032,"height":415,"caption":"Karting Salou | Karting en Tarragona | Cumplea\u00f1os, Eventos\u200e y mucho m\u00e1s!"},"image":{"@id":"https:\/\/kartingsalou.com\/#\/schema\/logo\/image\/"},"sameAs":["https:\/\/www.facebook.com\/kartingsalou\/","https:\/\/x.com\/saloukarting","https:\/\/www.instagram.com\/kartingsalou\/?hl=es"]}]}},"_links":{"self":[{"href":"https:\/\/kartingsalou.com\/ca\/wp-json\/wp\/v2\/pages\/4186","targetHints":{"allow":["GET"]}}],"collection":[{"href":"https:\/\/kartingsalou.com\/ca\/wp-json\/wp\/v2\/pages"}],"about":[{"href":"https:\/\/kartingsalou.com\/ca\/wp-json\/wp\/v2\/types\/page"}],"author":[{"embeddable":true,"href":"https:\/\/kartingsalou.com\/ca\/wp-json\/wp\/v2\/users\/1"}],"replies":[{"embeddable":true,"href":"https:\/\/kartingsalou.com\/ca\/wp-json\/wp\/v2\/comments?post=4186"}],"version-history":[{"count":31,"href":"https:\/\/kartingsalou.com\/ca\/wp-json\/wp\/v2\/pages\/4186\/revisions"}],"predecessor-version":[{"id":7708,"href":"https:\/\/kartingsalou.com\/ca\/wp-json\/wp\/v2\/pages\/4186\/revisions\/7708"}],"wp:attachment":[{"href":"https:\/\/kartingsalou.com\/ca\/wp-json\/wp\/v2\/media?parent=4186"}],"curies":[{"name":"wp","href":"https:\/\/api.w.org\/{rel}","templated":true}]}}